{"id":17,"date":"2014-01-20T00:06:23","date_gmt":"2014-01-20T00:06:23","guid":{"rendered":"https:\/\/velacenter.com\/web\/?page_id=17"},"modified":"2020-10-06T14:01:12","modified_gmt":"2020-10-06T14:01:12","slug":"velacard","status":"publish","type":"page","link":"https:\/\/velacenter.com\/web\/velacard\/","title":{"rendered":"VelaCard"},"content":{"rendered":"<div class=\"wpb_row vc_row-fluid \"> \n\t<div class=\"vc_span6 wpb_column column_container\">\n\t\t<div class=\"wpb_wrapper\">\n\t\t\t \n\t<div class=\"wpb_raw_code wpb_content_element wpb_raw_html\">\n\t\t<div class=\"wpb_wrapper\">\n\t\t\t<p><\/p>\n\t\t<\/div> \n\t<\/div>  <div class=\"gallery_box small_slider\"><ul class=\"image_carousel small_slider id-small_slider autoplay-1 pause_on_hover-0 scroll-1 effect-scroll easing-easeInOutQuint duration-750 page_margin_top_section\"><li><img loading=\"lazy\" decoding=\"async\" width=\"480\" height=\"300\" src=\"https:\/\/velacenter.com\/web\/wp-content\/uploads\/2014\/01\/velacard-03-480x300.jpg?wsr\" class=\"attachment-medicenter-gallery-image size-medicenter-gallery-image\" alt=\"\" \/><ul class=\"controls\">\n\t\t\t\t<li>\n\t\t\t\t\t<a href=\"https:\/\/velacenter.com\/web\/wp-content\/uploads\/2014\/01\/velacard-03.jpg\" class=\"fancybox open_lightbox\" rel=\"small_slidersmall_slider\" style=\"background-image: url('https:\/\/velacenter.com\/web\/wp-content\/themes\/velacenter\/images\/icons_media\/blue_light\/image.png')\"><\/a>\n\t\t\t\t<\/li>\n\t\t\t<\/ul>\n\t\t<\/li><li><img loading=\"lazy\" decoding=\"async\" width=\"480\" height=\"300\" src=\"https:\/\/velacenter.com\/web\/wp-content\/uploads\/2014\/01\/1383647_553039841417714_1109959119_n-480x300.jpg?wsr\" class=\"attachment-medicenter-gallery-image size-medicenter-gallery-image\" alt=\"\" \/><ul class=\"controls\">\n\t\t\t\t<li>\n\t\t\t\t\t<a href=\"https:\/\/velacenter.com\/web\/wp-content\/uploads\/2014\/01\/1383647_553039841417714_1109959119_n.jpg\" class=\"fancybox open_lightbox\" rel=\"small_slidersmall_slider\" style=\"background-image: url('https:\/\/velacenter.com\/web\/wp-content\/themes\/velacenter\/images\/icons_media\/blue_light\/image.png')\"><\/a>\n\t\t\t\t<\/li>\n\t\t\t<\/ul>\n\t\t<\/li><li><img loading=\"lazy\" decoding=\"async\" width=\"480\" height=\"300\" src=\"https:\/\/velacenter.com\/web\/wp-content\/uploads\/2014\/01\/1379767_553039704751061_1831690373_n-480x300.jpg?wsr\" class=\"attachment-medicenter-gallery-image size-medicenter-gallery-image\" alt=\"\" \/><ul class=\"controls\">\n\t\t\t\t<li>\n\t\t\t\t\t<a href=\"https:\/\/velacenter.com\/web\/wp-content\/uploads\/2014\/01\/1379767_553039704751061_1831690373_n.jpg\" class=\"fancybox open_lightbox\" rel=\"small_slidersmall_slider\" style=\"background-image: url('https:\/\/velacenter.com\/web\/wp-content\/themes\/velacenter\/images\/icons_media\/blue_light\/image.png')\"><\/a>\n\t\t\t\t<\/li>\n\t\t\t<\/ul>\n\t\t<\/li><li><img loading=\"lazy\" decoding=\"async\" width=\"480\" height=\"300\" src=\"https:\/\/velacenter.com\/web\/wp-content\/uploads\/2014\/01\/1395779_553039544751077_2027117092_n-480x300.jpg?wsr\" class=\"attachment-medicenter-gallery-image size-medicenter-gallery-image\" alt=\"\" \/><ul class=\"controls\">\n\t\t\t\t<li>\n\t\t\t\t\t<a href=\"https:\/\/velacenter.com\/web\/wp-content\/uploads\/2014\/01\/1395779_553039544751077_2027117092_n.jpg\" class=\"fancybox open_lightbox\" rel=\"small_slidersmall_slider\" style=\"background-image: url('https:\/\/velacenter.com\/web\/wp-content\/themes\/velacenter\/images\/icons_media\/blue_light\/image.png')\"><\/a>\n\t\t\t\t<\/li>\n\t\t\t<\/ul>\n\t\t<\/li><\/ul><\/div> \n\t\t<\/div> \n\t<\/div> \n \n\t<div class=\"vc_span6 wpb_column column_container\">\n\t\t<div class=\"wpb_wrapper\">\n\t\t\t <h3 class=\"box_header page_margin_top\">Conoc\u00e9s VelaCard?<\/h3> \n\t<div class=\"wpb_text_column wpb_content_element \">\n\t\t<div class=\"wpb_wrapper\">\n\t\t\t\n<p><strong>VelaCard<\/strong>\u00a0es el\u00a0<strong>Club de Socios de VelaCenter<\/strong>, donde abonando un costo mensual, obtendr\u00e1 diferentes y exclusivos beneficios tanto en tratamientos que ya realiz\u00f3, como en aquellos que quiera comenzar. Adem\u00e1s obtendr\u00e1 descuentos en muchos comercios adheridos.<\/p>\n\n\t\t<\/div> \n\t<\/div>  \n\t<div class=\"wpb_text_column wpb_content_element \">\n\t\t<div class=\"wpb_wrapper\">\n\t\t\t\n<p><img loading=\"lazy\" decoding=\"async\" class=\"alignleft size-full wp-image-2271\" src=\"https:\/\/velacenter.com\/web\/wp-content\/uploads\/2013\/02\/logo-velacard.png\" alt=\"\" width=\"136\" height=\"109\" \/><h3 class=\"sentence\">S\u00e9 parte de VelaCard y disfrut\u00e1 de todos los beneficios que tenemos para vos!<\/h3><\/p>\n\n\t\t<\/div> \n\t<\/div>  \n\t\t<\/div> \n\t<\/div> \n <\/div> <div class=\"wpb_row vc_row-fluid \"> \n\t<div class=\"vc_span12 wpb_column column_container\">\n\t\t<div class=\"wpb_wrapper\">\n\t\t\t <div class=\"announcement clearfix page_margin_top\">\n\t\t\t\t\t<ul class=\"columns no_width\">\n\t\t\t\t\t\t<li class=\"column_left\"><h1>Ped\u00ed hoy mismo tu tarjeta VelaCard, llamanos!<\/h3>\n<p>Comunicate a los Tel: +54 341 15564-1577 \/ 15319-2126 o por e-mail a <a href=\"mailto:velacard@velacenter.com\">velacard@velacenter.com<\/a><\/p>\n\n<\/li><li class=\"column_right\">\n\t\t\t\t\t\t<div class=\"vertical_align\">\n\t\t\t\t\t\t\t<div class=\"vertical_align_cell\">\n\t\t\t\t\t\t\t\t<a style=\"background-color:#0384ce;border-color:#0384ce;color:#FFFFFF;\" onMouseOver=\"this.style.backgroundColor='#3156a3';this.style.borderColor='#3156a3';this.style.color='#FFFFFF';\" onMouseOut=\"this.style.backgroundColor='#0384ce';this.style.borderColor='#0384ce';this.style.color='#FFFFFF';\" title=\"CONTACTANOS AHORA!\" href=\"https:\/\/velacenter.com\/web\/contacto\/\" class=\"more mc_button medium\">CONTACTANOS AHORA!<\/a>\n\t\t\t\t\t\t\t<\/div>\n\t\t\t\t\t\t<\/div>\n\t\t\t\t\t<\/li><\/ul>\n\t\t\t<\/div> \n\t\t<\/div> \n\t<\/div> \n <\/div> <div class=\"wpb_row vc_row-fluid \"> \n\t<div class=\"vc_span6 wpb_column column_container\">\n\t\t<div class=\"wpb_wrapper\">\n\t\t\t <h3 class=\"box_header page_margin_top\">Qu\u00e9 beneficios obtengo?<\/h3> \n\t<div class=\"wpb_text_column wpb_content_element \">\n\t\t<div class=\"wpb_wrapper\">\n\t\t\t\n<p>Incluye sesiones de mantenimiento mensuales \u00a0<strong>SIN CARGO<\/strong> de VelaShape, Venus Freeze, Reaction, trimestrales de Fotorejuvenecimiento facial (Luz Pulsada y Matrix IR) y semestrales de Depilaci\u00f3n L\u00e1ser.<\/p>\n\n\t\t<\/div> \n\t<\/div>  <h3 class=\"sentence\">Tambi\u00e9n te beneficias con el 50% de descuento para nuevos tratamientos, como: VelaShape, Venus Freeze, Microdermoabrasi\u00f3n, Depilaci\u00f3n Definitiva L\u00e1ser, Rejuvenecimiento Facial, V\u00e1rices y Ara\u00f1itas (Spider y L\u00e1ser) y Reaction. Y con el 25% de descuento en HONORARIOS de tratamientos mininvasivos como: aplicaci\u00f3n de Botox, Rellenos, Esclerosantes, Mesoterapia y est\u00e9tica dental. Tambi\u00e9n cremas y productos para el cuidado dermatol\u00f3gico. Consulta m\u00e9dica sin cargo.<\/h3> <h3 class=\"box_header page_margin_top\">Cu\u00e1ntas sesiones de mantenimiento tengo sin cargo?<\/h3> \n\t<div class=\"wpb_text_column wpb_content_element \">\n\t\t<div class=\"wpb_wrapper\">\n\t\t\t\n<p>Tenes todas las sesiones de mantenimiento indicadas sin costo alguno, en todas las zonas en las que hayas realizado tus tratamientos.<\/p>\n\n\t\t<\/div> \n\t<\/div>  <h3 class=\"box_header page_margin_top\">Si tengo realizados diferentes tratamientos; \u00bfMe cubre las sesiones de sus mantenimiento?<\/h3> \n\t<div class=\"wpb_text_column wpb_content_element \">\n\t\t<div class=\"wpb_wrapper\">\n\t\t\t\n<p>S\u00ed, con <strong>VelaCard<\/strong> cubr\u00eds todos los mantenimientos de los tratamientos que realizas junto a sus respectivas zonas al igual que el descuento por los mismos.<\/p>\n\n\t\t<\/div> \n\t<\/div>  \n\t\t<\/div> \n\t<\/div> \n \n\t<div class=\"vc_span6 wpb_column column_container\">\n\t\t<div class=\"wpb_wrapper\">\n\t\t\t <h3 class=\"box_header page_margin_top\">C\u00f3mo me asocio?<\/h3> \n\t<div class=\"wpb_text_column wpb_content_element \">\n\t\t<div class=\"wpb_wrapper\">\n\t\t\t\n<p>Para adherirte a VelaCard, s\u00f3lo debes completar la ficha de inscripci\u00f3n, indicando el CBU de donde se debitar\u00e1 la cuota, y te entregaremos un carnet pl\u00e1stico que te acreditar\u00e1 como socia\/o el cual deber\u00e1s presentar en la cl\u00ednica para gozar de nuestros beneficios.<\/p>\n\n\t\t<\/div> \n\t<\/div>  <a style=\"color:#FFFFFF;background-color:#0384ce;border-color:#0384ce;\" onMouseOver=\"this.style.color='#FFFFFF';this.style.backgroundColor='#3156a3';this.style.borderColor='#3156a3'\" onMouseOut=\"this.style.color='#FFFFFF';this.style.backgroundColor='#0384ce';this.style.borderColor='#0384ce'\" title=\"DESCARGAR FICHA DE INSCRIPCION PARA COMPLETAR\" href=\"https:\/\/velacenter.com\/web\/wp-content\/uploads\/2014\/01\/ficha-velacard.pdf\" target=\"_blank\" class=\"mc_button more medium wpb_document_pdf\">DESCARGAR FICHA DE INSCRIPCION PARA COMPLETAR <i class=\"icon\"> <\/i><\/a>\n \n\t<div class=\"wpb_raw_code wpb_content_element wpb_raw_html\">\n\t\t<div class=\"wpb_wrapper\">\n\t\t\t<p><\/p>\n\t\t<\/div> \n\t<\/div>  <h3 class=\"box_header page_margin_top_section\">Cu\u00e1les son las formas de pago?<\/h3> \n\t<div class=\"wpb_text_column wpb_content_element \">\n\t\t<div class=\"wpb_wrapper\">\n\t\t\t\n<p>Pod\u00e9s abonar por d\u00e9bito autom\u00e1tico o a trav\u00e9s de tu tarjeta de cr\u00e9dito.<\/p>\n\n\t\t<\/div> \n\t<\/div>  <h3 class=\"box_header page_margin_top\">Qu\u00e9 d\u00eda del mes se me debita la cuota mensual?<\/h3> \n\t<div class=\"wpb_text_column wpb_content_element \">\n\t\t<div class=\"wpb_wrapper\">\n\t\t\t\n<p>Los d\u00e9bitos impactar\u00e1n del 1 al 10 de cada mes. En caso de no disponer de fondos al momento del d\u00e9bito, nos comunicaremos con Ud. Para pactar una nueva fecha de impacto, o bien, combinar otra forma de pago del mes en cuesti\u00f3n.<\/p>\n\n\t\t<\/div> \n\t<\/div>  <h3 class=\"box_header page_margin_top\">Cu\u00e1ndo comienzo a utilizar los beneficios?<\/h3> \n\t<div class=\"wpb_text_column wpb_content_element \">\n\t\t<div class=\"wpb_wrapper\">\n\t\t\t\n<p>Si el cliente completa la ficha del 1 al 10 del mes en curso, y quiere hacer uso de los beneficios, se le comunica que el d\u00e9bito se har\u00e1 ese mismo mes. En el caso de asociarse despu\u00e9s del d\u00eda 10, se le comunica que su inscripci\u00f3n como socio, se har\u00e1 efectiva a partir del mes pr\u00f3ximo, salvo que se abone en efectivo el mes en curso.<\/p>\n\n\t\t<\/div> \n\t<\/div>  \n\t\t<\/div> \n\t<\/div> \n <\/div> <div class=\"wpb_row vc_row-fluid \"> \n\t<div class=\"vc_span12 wpb_column column_container\">\n\t\t<div class=\"wpb_wrapper\">\n\t\t\t \n\t<div class=\"wpb_raw_code wpb_content_element wpb_raw_html\">\n\t\t<div class=\"wpb_wrapper\">\n\t\t\t<p><\/p>\n\t\t<\/div> \n\t<\/div>  \n\t<div class=\"wpb_single_image wpb_content_element\">\n\t\t<div class=\"wpb_wrapper\">\n\t\t\t\n\t\t\t<img loading=\"lazy\" decoding=\"async\" width=\"990\" height=\"442\" src=\"https:\/\/velacenter.com\/web\/wp-content\/uploads\/2014\/01\/velacard.jpg?wsr\" class=\"attachment-full size-full\" alt=\"\" srcset=\"https:\/\/velacenter.com\/web\/wp-content\/uploads\/2014\/01\/velacard.jpg 990w, https:\/\/velacenter.com\/web\/wp-content\/uploads\/2014\/01\/velacard-300x133.jpg 300w\" sizes=\"auto, (max-width: 990px) 100vw, 990px\" \/>\n\t\t<\/div> \n\t<\/div>  \n\t<div class=\"wpb_raw_code wpb_content_element wpb_raw_html\">\n\t\t<div class=\"wpb_wrapper\">\n\t\t\t<p><\/p>\n\t\t<\/div> \n\t<\/div>  \n\t<div class=\"wpb_single_image wpb_content_element\">\n\t\t<div class=\"wpb_wrapper\">\n\t\t\t\n\t\t\t<img loading=\"lazy\" decoding=\"async\" width=\"990\" height=\"254\" src=\"https:\/\/velacenter.com\/web\/wp-content\/uploads\/2014\/01\/velacard-premium.jpg?wsr\" class=\"attachment-full size-full\" alt=\"\" srcset=\"https:\/\/velacenter.com\/web\/wp-content\/uploads\/2014\/01\/velacard-premium.jpg 990w, https:\/\/velacenter.com\/web\/wp-content\/uploads\/2014\/01\/velacard-premium-300x77.jpg 300w\" sizes=\"auto, (max-width: 990px) 100vw, 990px\" \/>\n\t\t<\/div> \n\t<\/div>  <h3 class=\"box_header page_margin_top\">Beneficios Premium<\/h3> \n\t\t<\/div> \n\t<\/div> \n <\/div> <div class=\"wpb_row vc_row-fluid \"> \n\t<div class=\"vc_span6 wpb_column column_container\">\n\t\t<div class=\"wpb_wrapper\">\n\t\t\t \n\t<div class=\"wpb_text_column wpb_content_element \">\n\t\t<div class=\"wpb_wrapper\">\n\t\t\t\n<p><strong>UNA SESI\u00d3N MENSUAL DE MICRODERMOABRASI\u00d3N &#8211; SIN CARGO!<\/strong><\/p>\n<p><strong>MANTENIMIENTO MENSUAL MESOTERAPIA &#8211; SIN CARGO!<\/strong><\/p>\n<p><strong>50% DESCUENTO:<\/strong><br \/>\n&#8211; VelaShape<br \/>\n&#8211; VenusFreeze<br \/>\n&#8211; Reaction<br \/>\n&#8211; Depilasi\u00f3n L\u00e1ser Definitiva<br \/>\n&#8211; IPL &#8211; IR Matrix<br \/>\n&#8211; Spider<\/p>\n\n\t\t<\/div> \n\t<\/div>  \n\t\t<\/div> \n\t<\/div> \n \n\t<div class=\"vc_span6 wpb_column column_container\">\n\t\t<div class=\"wpb_wrapper\">\n\t\t\t \n\t<div class=\"wpb_text_column wpb_content_element \">\n\t\t<div class=\"wpb_wrapper\">\n\t\t\t\n<p><strong>CONSULTA M\u00c9DICA &#8211; SIN CARGO!<\/strong><\/p>\n<p><strong>MANTENIMIENTOS &#8211; SIN CARGO!<\/strong><\/p>\n<p><strong>25% DESCUENTO HONORARIOS TRATAMIENTOS MINIINVASIVOS:<\/strong><br \/>\n&#8211; Botox<br \/>\n&#8211; Rellenos<br \/>\n&#8211; Esclerosantes<br \/>\n&#8211; Est\u00e9tica Dental<\/p>\n\n\t\t<\/div> \n\t<\/div>  \n\t\t<\/div> \n\t<\/div> \n <\/div> <div class=\"wpb_row vc_row-fluid \"> \n\t<div class=\"vc_span12 wpb_column column_container\">\n\t\t<div class=\"wpb_wrapper\">\n\t\t\t <div class=\"clearfix page_margin_top\">\r\n\t\t\t<div class=\"header_left\"><h3 class=\"box_header\">Adem\u00e1s con tu VelaCard ten\u00e9s beneficios en todas partes!<\/h3><\/div>\r\n\t\t\t<div class=\"header_right\"><a href=\"#\" id=\"carousel_prev\" class=\"scrolling_list_control_left icon_small_arrow left_black\"><\/a><a href=\"#\" id=\"carousel_next\" class=\"scrolling_list_control_right icon_small_arrow right_black\"><\/a><\/div><\/div>\r\n\t\t\t<ul class=\"mc_gallery horizontal_carousel carousel id-carousel autoplay-1 pause_on_hover-1 scroll-1 effect-scroll easing-swing duration-500\"><li class=\"gallery_box\"><img loading=\"lazy\" decoding=\"async\" width=\"225\" height=\"150\" src=\"https:\/\/velacenter.com\/web\/wp-content\/uploads\/2014\/01\/rostower-225x150.png?wsr\" class=\"attachment-medicenter-gallery-thumb-type-2 size-medicenter-gallery-thumb-type-2\" alt=\"\" \/><div class=\"description\"><h3>10% OFF<\/h3><h5>En alojamiento por noche<\/h5><\/div><ul class=\"controls\">\r\n\t\t\t\t<li>\r\n\t\t\t\t\t<a href=\"https:\/\/velacenter.com\/web\/wp-content\/uploads\/2014\/01\/rostower.png\" class=\"fancybox open_lightbox\" rel=\"carouselcarousel\" title=\"10% OFF\" style=\"background-image: url('https:\/\/velacenter.com\/web\/wp-content\/themes\/velacenter\/images\/icons_media\/blue_light\/image.png')\"><\/a>\r\n\t\t\t\t<\/li>\r\n\t\t\t<\/ul>\r\n\t\t<\/li><li class=\"gallery_box\"><img loading=\"lazy\" decoding=\"async\" width=\"225\" height=\"150\" src=\"https:\/\/velacenter.com\/web\/wp-content\/uploads\/2014\/01\/barcelona-225x150.png?wsr\" class=\"attachment-medicenter-gallery-thumb-type-2 size-medicenter-gallery-thumb-type-2\" alt=\"\" \/><div class=\"description\"><h3>20% OFF<\/h3><h5>En la sucursal de C\u00f3rdoba 2375<\/h5><\/div><ul class=\"controls\">\r\n\t\t\t\t<li>\r\n\t\t\t\t\t<a href=\"https:\/\/velacenter.com\/web\/wp-content\/uploads\/2014\/01\/barcelona.png\" class=\"fancybox open_lightbox\" rel=\"carouselcarousel\" title=\"20% OFF\" style=\"background-image: url('https:\/\/velacenter.com\/web\/wp-content\/themes\/velacenter\/images\/icons_media\/blue_light\/image.png')\"><\/a>\r\n\t\t\t\t<\/li>\r\n\t\t\t<\/ul>\r\n\t\t<\/li><li class=\"gallery_box\"><img loading=\"lazy\" decoding=\"async\" width=\"225\" height=\"150\" src=\"https:\/\/velacenter.com\/web\/wp-content\/uploads\/2014\/01\/web_johnny_03-225x150.jpg?wsr\" class=\"attachment-medicenter-gallery-thumb-type-2 size-medicenter-gallery-thumb-type-2\" alt=\"\" \/><div class=\"description\"><h3>ALMUERZO GRATIS<\/h3><h5>Si almorz\u00e1s 3 veces la cuarta es gratis!<\/h5><\/div><ul class=\"controls\">\r\n\t\t\t\t<li>\r\n\t\t\t\t\t<a href=\"https:\/\/velacenter.com\/web\/wp-content\/uploads\/2014\/01\/web_johnny_03.jpg\" class=\"fancybox open_lightbox\" rel=\"carouselcarousel\" title=\"ALMUERZO GRATIS\" style=\"background-image: url('https:\/\/velacenter.com\/web\/wp-content\/themes\/velacenter\/images\/icons_media\/blue_light\/image.png')\"><\/a>\r\n\t\t\t\t<\/li>\r\n\t\t\t<\/ul>\r\n\t\t<\/li><li class=\"gallery_box\"><img loading=\"lazy\" decoding=\"async\" width=\"225\" height=\"150\" src=\"https:\/\/velacenter.com\/web\/wp-content\/uploads\/2014\/01\/sushi_1-225x150.jpg?wsr\" class=\"attachment-medicenter-gallery-thumb-type-2 size-medicenter-gallery-thumb-type-2\" alt=\"\" \/><div class=\"description\"><h3>20% OFF<\/h3><h5>En almuerzos todos los d\u00edas y cenas, Dom., Lun. y Mi\u00e9r.<\/h5><\/div><ul class=\"controls\">\r\n\t\t\t\t<li>\r\n\t\t\t\t\t<a href=\"https:\/\/velacenter.com\/web\/wp-content\/uploads\/2014\/01\/sushi_1.jpg\" class=\"fancybox open_lightbox\" rel=\"carouselcarousel\" title=\"20% OFF\" style=\"background-image: url('https:\/\/velacenter.com\/web\/wp-content\/themes\/velacenter\/images\/icons_media\/blue_light\/image.png')\"><\/a>\r\n\t\t\t\t<\/li>\r\n\t\t\t<\/ul>\r\n\t\t<\/li><li class=\"gallery_box\"><img loading=\"lazy\" decoding=\"async\" width=\"225\" height=\"150\" src=\"https:\/\/velacenter.com\/web\/wp-content\/uploads\/2014\/01\/area-225x150.png?wsr\" class=\"attachment-medicenter-gallery-thumb-type-2 size-medicenter-gallery-thumb-type-2\" alt=\"\" \/><div class=\"description\"><h3>35% OFF<\/h3><h5>En la cuota trimestral del gimnasio<\/h5><\/div><ul class=\"controls\">\r\n\t\t\t\t<li>\r\n\t\t\t\t\t<a href=\"https:\/\/velacenter.com\/web\/wp-content\/uploads\/2014\/01\/area.png\" class=\"fancybox open_lightbox\" rel=\"carouselcarousel\" title=\"35% OFF\" style=\"background-image: url('https:\/\/velacenter.com\/web\/wp-content\/themes\/velacenter\/images\/icons_media\/blue_light\/image.png')\"><\/a>\r\n\t\t\t\t<\/li>\r\n\t\t\t<\/ul>\r\n\t\t<\/li><li class=\"gallery_box\"><img loading=\"lazy\" decoding=\"async\" width=\"225\" height=\"150\" src=\"https:\/\/velacenter.com\/web\/wp-content\/uploads\/2014\/01\/body-225x150.png?wsr\" class=\"attachment-medicenter-gallery-thumb-type-2 size-medicenter-gallery-thumb-type-2\" alt=\"\" \/><div class=\"description\"><h3>20% OFF<\/h3><h5>En suplementos deportivos<\/h5><\/div><ul class=\"controls\">\r\n\t\t\t\t<li>\r\n\t\t\t\t\t<a href=\"https:\/\/velacenter.com\/web\/wp-content\/uploads\/2014\/01\/body.png\" class=\"fancybox open_lightbox\" rel=\"carouselcarousel\" title=\"20% OFF\" style=\"background-image: url('https:\/\/velacenter.com\/web\/wp-content\/themes\/velacenter\/images\/icons_media\/blue_light\/image.png')\"><\/a>\r\n\t\t\t\t<\/li>\r\n\t\t\t<\/ul>\r\n\t\t<\/li><li class=\"gallery_box\"><img loading=\"lazy\" decoding=\"async\" width=\"225\" height=\"150\" src=\"https:\/\/velacenter.com\/web\/wp-content\/uploads\/2014\/01\/cellskin-225x150.png?wsr\" class=\"attachment-medicenter-gallery-thumb-type-2 size-medicenter-gallery-thumb-type-2\" alt=\"\" \/><div class=\"description\"><h3>20% OFF<\/h3><h5>Para prevenir y corregir tu piel<\/h5><\/div><ul class=\"controls\">\r\n\t\t\t\t<li>\r\n\t\t\t\t\t<a href=\"https:\/\/velacenter.com\/web\/wp-content\/uploads\/2014\/01\/cellskin.png\" class=\"fancybox open_lightbox\" rel=\"carouselcarousel\" title=\"20% OFF\" style=\"background-image: url('https:\/\/velacenter.com\/web\/wp-content\/themes\/velacenter\/images\/icons_media\/blue_light\/image.png')\"><\/a>\r\n\t\t\t\t<\/li>\r\n\t\t\t<\/ul>\r\n\t\t<\/li><li class=\"gallery_box\"><img loading=\"lazy\" decoding=\"async\" width=\"225\" height=\"150\" src=\"https:\/\/velacenter.com\/web\/wp-content\/uploads\/2014\/01\/blotta-225x150.png?wsr\" class=\"attachment-medicenter-gallery-thumb-type-2 size-medicenter-gallery-thumb-type-2\" alt=\"\" srcset=\"https:\/\/velacenter.com\/web\/wp-content\/uploads\/2014\/01\/blotta-225x150.png 225w, https:\/\/velacenter.com\/web\/wp-content\/uploads\/2014\/01\/blotta.png 300w\" sizes=\"auto, (max-width: 225px) 100vw, 225px\" \/><div class=\"description\"><h3>25% OFF<\/h3><h5>Blanqueamiento dental con LED<\/h5><\/div><ul class=\"controls\">\r\n\t\t\t\t<li>\r\n\t\t\t\t\t<a href=\"https:\/\/velacenter.com\/web\/wp-content\/uploads\/2014\/01\/blotta.png\" class=\"fancybox open_lightbox\" rel=\"carouselcarousel\" title=\"25% OFF\" style=\"background-image: url('https:\/\/velacenter.com\/web\/wp-content\/themes\/velacenter\/images\/icons_media\/blue_light\/image.png')\"><\/a>\r\n\t\t\t\t<\/li>\r\n\t\t\t<\/ul>\r\n\t\t<\/li><li class=\"gallery_box\"><img loading=\"lazy\" decoding=\"async\" width=\"225\" height=\"150\" src=\"https:\/\/velacenter.com\/web\/wp-content\/uploads\/2014\/01\/restylane-225x150.jpg?wsr\" class=\"attachment-medicenter-gallery-thumb-type-2 size-medicenter-gallery-thumb-type-2\" alt=\"\" \/><div class=\"description\"><h3>20% OFF<\/h3><h5>Cremas Restylane<\/h5><\/div><ul class=\"controls\">\r\n\t\t\t\t<li>\r\n\t\t\t\t\t<a href=\"https:\/\/velacenter.com\/web\/wp-content\/uploads\/2014\/01\/restylane.jpg\" class=\"fancybox open_lightbox\" rel=\"carouselcarousel\" title=\"20% OFF\" style=\"background-image: url('https:\/\/velacenter.com\/web\/wp-content\/themes\/velacenter\/images\/icons_media\/blue_light\/image.png')\"><\/a>\r\n\t\t\t\t<\/li>\r\n\t\t\t<\/ul>\r\n\t\t<\/li><li class=\"gallery_box\"><img loading=\"lazy\" decoding=\"async\" width=\"225\" height=\"150\" src=\"https:\/\/velacenter.com\/web\/wp-content\/uploads\/2014\/09\/premier-225x150.jpg?wsr\" class=\"attachment-medicenter-gallery-thumb-type-2 size-medicenter-gallery-thumb-type-2\" alt=\"\" \/><div class=\"description\"><h3>2X1 Pel\u00edculas<\/h3><h5>Alquiler de Pel\u00edculas<\/h5><\/div><ul class=\"controls\">\r\n\t\t\t\t<li>\r\n\t\t\t\t\t<a href=\"https:\/\/velacenter.com\/web\/wp-content\/uploads\/2014\/09\/premier.jpg\" class=\"fancybox open_lightbox\" rel=\"carouselcarousel\" title=\"2X1 Pel\u00edculas\" style=\"background-image: url('https:\/\/velacenter.com\/web\/wp-content\/themes\/velacenter\/images\/icons_media\/blue_light\/image.png')\"><\/a>\r\n\t\t\t\t<\/li>\r\n\t\t\t<\/ul>\r\n\t\t<\/li><\/ul> \n\t\t<\/div> \n\t<\/div> \n <\/div>\n","protected":false},"excerpt":{"rendered":"Conoc\u00e9s VelaCard? VelaCard\u00a0es el\u00a0Club de Socios de VelaCenter, donde abonando un costo mensual, obtendr\u00e1 diferentes y exclusivos beneficios tanto en tratamientos que ya realiz\u00f3, como en aquellos que quiera comenzar. Adem\u00e1s obtendr\u00e1 descuentos en muchos comercios adheridos. S\u00e9 parte de VelaCard y disfrut\u00e1 de todos los beneficios que tenemos para vos! Ped\u00ed hoy mismo tu","protected":false},"author":3,"featured_media":0,"parent":0,"menu_order":0,"comment_status":"open","ping_status":"open","template":"","meta":{"footnotes":""},"class_list":["post-17","page","type-page","status-publish","hentry"],"_links":{"self":[{"href":"https:\/\/velacenter.com\/web\/wp-json\/wp\/v2\/pages\/17","targetHints":{"allow":["GET"]}}],"collection":[{"href":"https:\/\/velacenter.com\/web\/wp-json\/wp\/v2\/pages"}],"about":[{"href":"https:\/\/velacenter.com\/web\/wp-json\/wp\/v2\/types\/page"}],"author":[{"embeddable":true,"href":"https:\/\/velacenter.com\/web\/wp-json\/wp\/v2\/users\/3"}],"replies":[{"embeddable":true,"href":"https:\/\/velacenter.com\/web\/wp-json\/wp\/v2\/comments?post=17"}],"version-history":[{"count":0,"href":"https:\/\/velacenter.com\/web\/wp-json\/wp\/v2\/pages\/17\/revisions"}],"wp:attachment":[{"href":"https:\/\/velacenter.com\/web\/wp-json\/wp\/v2\/media?parent=17"}],"curies":[{"name":"wp","href":"https:\/\/api.w.org\/{rel}","templated":true}]}}