{"id":2614,"date":"2014-01-27T03:01:06","date_gmt":"2014-01-27T03:01:06","guid":{"rendered":"https:\/\/velacenter.com\/web\/?page_id=2614"},"modified":"2014-01-28T01:35:01","modified_gmt":"2014-01-28T01:35:01","slug":"promos-news","status":"publish","type":"page","link":"https:\/\/velacenter.com\/web\/promos-news\/","title":{"rendered":"Promos &#038; News"},"content":{"rendered":"<div class=\"wpb_row vc_row-fluid \"> \n\t<div class=\"vc_span8 wpb_column column_container\">\n\t\t<div class=\"wpb_wrapper\">\n\t\t\t <div class=\"columns clearfix\"><ul class=\"blog column_left page_margin_top\"><li class=\"post post-2583 type-post status-publish format-standard has-post-thumbnail hentrycategory-novedades\"><ul class=\"comment_box clearfix\">\n\t\t\t\t\t\t\t<li class=\"date\">\n\t\t\t\t\t\t\t\t<div class=\"value\">13 MAY 26<\/div>\n\t\t\t\t\t\t\t\t<div class=\"arrow_date\"><\/div>\n\t\t\t\t\t\t\t<\/li>\n\t\t\t\t\t\t\t<li class=\"comments_number\">\t\t\t<a href=\"https:\/\/velacenter.com\/web\/novedades\/los-secretos-del-hielo-para-tu-cara\/#respond\" title=\"0 comentarios\">0<\/a>\n\t\t\t\t\t\t\t<\/li>\n\t\t\t\t\t\t<\/ul>\n\t\t\t\t\t\t<div class=\"post_content\"><a class=\"post_image\" href=\"https:\/\/velacenter.com\/web\/novedades\/los-secretos-del-hielo-para-tu-cara\/\" title=\"Los secretos del hielo para tu cara\"><span class=\"mc_preloader\"><\/span><img loading=\"lazy\" decoding=\"async\" width=\"380\" height=\"300\" src=\"https:\/\/velacenter.com\/web\/wp-content\/uploads\/2014\/01\/hielo-380x300.jpg?wsr\" class=\"attachment-medicenter-gallery-image size-medicenter-gallery-image wp-post-image\" alt=\"Los secretos del hielo para tu cara\" title=\"\" \/><\/a><h2><a href=\"https:\/\/velacenter.com\/web\/novedades\/los-secretos-del-hielo-para-tu-cara\/\" title=\"Los secretos del hielo para tu cara\">Los secretos del hielo para tu cara<\/a><\/h2><p>Sepa c\u00f3mo usar el hielo como un reafirmante: Tratamiento casero es f\u00e1cil, econ\u00f3mico y est\u00e1 al alcance de nuestras manos. Sepa c\u00f3mo usar el hielo como un reafirmante Est\u00e1s muerta de cansancio, te vas a dormir y al d\u00eda siguiente, te das cuenta de que tu trabajo y tus m\u00e1s de ocho horas frente a<\/p>\n<a title=\"Leer m\u00e1s\" href=\"https:\/\/velacenter.com\/web\/novedades\/los-secretos-del-hielo-para-tu-cara\/\" class=\"more\">Leer m\u00e1s &rarr;<\/a><\/div><\/li><li class=\"post post-2580 type-post status-publish format-standard has-post-thumbnail hentrycategory-novedades\"><ul class=\"comment_box clearfix\">\n\t\t\t\t\t\t\t<li class=\"date\">\n\t\t\t\t\t\t\t\t<div class=\"value\">13 MAY 26<\/div>\n\t\t\t\t\t\t\t\t<div class=\"arrow_date\"><\/div>\n\t\t\t\t\t\t\t<\/li>\n\t\t\t\t\t\t\t<li class=\"comments_number\">\t\t\t<a href=\"https:\/\/velacenter.com\/web\/novedades\/ritifobia-el-miedo-a-las-arrugas\/#respond\" title=\"0 comentarios\">0<\/a>\n\t\t\t\t\t\t\t<\/li>\n\t\t\t\t\t\t<\/ul>\n\t\t\t\t\t\t<div class=\"post_content\"><a class=\"post_image\" href=\"https:\/\/velacenter.com\/web\/novedades\/ritifobia-el-miedo-a-las-arrugas\/\" title=\"Ritifobia: el miedo a las arrugas\"><span class=\"mc_preloader\"><\/span><img loading=\"lazy\" decoding=\"async\" width=\"480\" height=\"300\" src=\"https:\/\/velacenter.com\/web\/wp-content\/uploads\/2014\/01\/Ritifobia-el-miedo-a-las-arrugas-480x300.jpg?wsr\" class=\"attachment-medicenter-gallery-image size-medicenter-gallery-image wp-post-image\" alt=\"Ritifobia: el miedo a las arrugas\" title=\"\" \/><\/a><h2><a href=\"https:\/\/velacenter.com\/web\/novedades\/ritifobia-el-miedo-a-las-arrugas\/\" title=\"Ritifobia: el miedo a las arrugas\">Ritifobia: el miedo a las arrugas<\/a><\/h2><p>El miedo es un recurso que utiliza nuestra mente para alertarnos de que alg\u00fan peligro est\u00e1 cerca. El problema surge cuando ese miedo se convierte en un sentimiento irracional, sin motivo, obsesivo y que nos impide realizar nuestras actividades cotidianas con normalidad. Es entonces, cuando el miedo se vuelve fobia, cuando se necesita ayuda psicol\u00f3gica<\/p>\n<a title=\"Leer m\u00e1s\" href=\"https:\/\/velacenter.com\/web\/novedades\/ritifobia-el-miedo-a-las-arrugas\/\" class=\"more\">Leer m\u00e1s &rarr;<\/a><\/div><\/li><li class=\"post post-2969 type-post status-publish format-standard has-post-thumbnail hentry category-promociones tag-depilacion-definitiva tag-depilacion-laser tag-ipltag-velacenter\"><ul class=\"comment_box clearfix\">\n\t\t\t\t\t\t\t<li class=\"date\">\n\t\t\t\t\t\t\t\t<div class=\"value\">13 MAY 26<\/div>\n\t\t\t\t\t\t\t\t<div class=\"arrow_date\"><\/div>\n\t\t\t\t\t\t\t<\/li>\n\t\t\t\t\t\t\t<li class=\"comments_number\">\t\t\t<a href=\"https:\/\/velacenter.com\/web\/promociones\/depilacion-laser-en-24-cuotas\/#comments\" title=\"2 comentarios\">2<\/a>\n\t\t\t\t\t\t\t<\/li>\n\t\t\t\t\t\t<\/ul>\n\t\t\t\t\t\t<div class=\"post_content\"><a class=\"post_image\" href=\"https:\/\/velacenter.com\/web\/promociones\/depilacion-laser-en-24-cuotas\/\" title=\"Depilaci\u00f3n L\u00e1ser en 24 cuotas!\"><span class=\"mc_preloader\"><\/span><img loading=\"lazy\" decoding=\"async\" width=\"168\" height=\"250\" src=\"https:\/\/velacenter.com\/web\/wp-content\/uploads\/2014\/01\/escleroterapia.jpg?wsr\" class=\"attachment-medicenter-gallery-image size-medicenter-gallery-image wp-post-image\" alt=\"Depilaci\u00f3n L\u00e1ser en 24 cuotas!\" title=\"\" \/><\/a><h2><a href=\"https:\/\/velacenter.com\/web\/promociones\/depilacion-laser-en-24-cuotas\/\" title=\"Depilaci\u00f3n L\u00e1ser en 24 cuotas!\">Depilaci\u00f3n L\u00e1ser en 24 cuotas!<\/a><\/h2><a title=\"Leer m\u00e1s\" href=\"https:\/\/velacenter.com\/web\/promociones\/depilacion-laser-en-24-cuotas\/\" class=\"more\">Leer m\u00e1s &rarr;<\/a><\/div><\/li><\/ul><ul class=\"blog column_right page_margin_top\"><li class=\"post post-2835 type-post status-publish format-standard has-post-thumbnail hentrycategory-promociones\"><ul class=\"comment_box clearfix\">\n\t\t\t\t\t\t\t<li class=\"date\">\n\t\t\t\t\t\t\t\t<div class=\"value\">13 MAY 26<\/div>\n\t\t\t\t\t\t\t\t<div class=\"arrow_date\"><\/div>\n\t\t\t\t\t\t\t<\/li>\n\t\t\t\t\t\t\t<li class=\"comments_number\">\t\t\t<a href=\"https:\/\/velacenter.com\/web\/promociones\/oferta-de-botox\/#comments\" title=\"27 comentarios\">27<\/a>\n\t\t\t\t\t\t\t<\/li>\n\t\t\t\t\t\t<\/ul>\n\t\t\t\t\t\t<div class=\"post_content\"><a class=\"post_image\" href=\"https:\/\/velacenter.com\/web\/promociones\/oferta-de-botox\/\" title=\"Oferta de Botox\u00ae!\"><span class=\"mc_preloader\"><\/span><img loading=\"lazy\" decoding=\"async\" width=\"480\" height=\"300\" src=\"https:\/\/velacenter.com\/web\/wp-content\/uploads\/2014\/01\/Sin-t\u00edtulo-57-480x300.jpg?wsr\" class=\"attachment-medicenter-gallery-image size-medicenter-gallery-image wp-post-image\" alt=\"Oferta de Botox\u00ae!\" title=\"\" srcset=\"https:\/\/velacenter.com\/web\/wp-content\/uploads\/2014\/01\/Sin-t\u00edtulo-57-480x300.jpg 480w, https:\/\/velacenter.com\/web\/wp-content\/uploads\/2014\/01\/Sin-t\u00edtulo-57-300x188.jpg 300w, https:\/\/velacenter.com\/web\/wp-content\/uploads\/2014\/01\/Sin-t\u00edtulo-57.jpg 765w\" sizes=\"auto, (max-width: 480px) 100vw, 480px\" \/><\/a><h2><a href=\"https:\/\/velacenter.com\/web\/promociones\/oferta-de-botox\/\" title=\"Oferta de Botox\u00ae!\">Oferta de Botox\u00ae!<\/a><\/h2><p>Presentamos esta incre\u00edble oferta de Botox\u00ae! Qu\u00e9s esper\u00e1s! Acercate a VelaCenter e informate m\u00e1s sobre esta promoci\u00f3n y disfrut\u00e1 de los beneficios!<\/p>\n<a title=\"Leer m\u00e1s\" href=\"https:\/\/velacenter.com\/web\/promociones\/oferta-de-botox\/\" class=\"more\">Leer m\u00e1s &rarr;<\/a><\/div><\/li><li class=\"post post-2824 type-post status-publish format-standard has-post-thumbnail hentrycategory-promociones\"><ul class=\"comment_box clearfix\">\n\t\t\t\t\t\t\t<li class=\"date\">\n\t\t\t\t\t\t\t\t<div class=\"value\">13 MAY 26<\/div>\n\t\t\t\t\t\t\t\t<div class=\"arrow_date\"><\/div>\n\t\t\t\t\t\t\t<\/li>\n\t\t\t\t\t\t\t<li class=\"comments_number\">\t\t\t<a href=\"https:\/\/velacenter.com\/web\/promociones\/un-regalo-para-vos\/#comments\" title=\"1 comentario\">1<\/a>\n\t\t\t\t\t\t\t<\/li>\n\t\t\t\t\t\t<\/ul>\n\t\t\t\t\t\t<div class=\"post_content\"><a class=\"post_image\" href=\"https:\/\/velacenter.com\/web\/promociones\/un-regalo-para-vos\/\" title=\"Un regalo para vos&#8230;\"><span class=\"mc_preloader\"><\/span><img loading=\"lazy\" decoding=\"async\" width=\"480\" height=\"300\" src=\"https:\/\/velacenter.com\/web\/wp-content\/uploads\/2014\/01\/cintura-pequena-633x346-480x300.jpg?wsr\" class=\"attachment-medicenter-gallery-image size-medicenter-gallery-image wp-post-image\" alt=\"Un regalo para vos&#8230;\" title=\"\" \/><\/a><h2><a href=\"https:\/\/velacenter.com\/web\/promociones\/un-regalo-para-vos\/\" title=\"Un regalo para vos&#8230;\">Un regalo para vos&#8230;<\/a><\/h2><p>Presentando este cup\u00f3n en VelaCenter, acced\u00e9\u00a0al beneficio de 50% en los tratamientos\u00a0de Velashape y Venusfreeze. Bonificaci\u00f3n de $7.500.- V\u00e1lido: desde el 13\/01\/2014 al 16\/02\/2014.<\/p>\n<a title=\"Leer m\u00e1s\" href=\"https:\/\/velacenter.com\/web\/promociones\/un-regalo-para-vos\/\" class=\"more\">Leer m\u00e1s &rarr;<\/a><\/div><\/li><li class=\"post post-2821 type-post status-publish format-standard has-post-thumbnail hentrycategory-novedades\"><ul class=\"comment_box clearfix\">\n\t\t\t\t\t\t\t<li class=\"date\">\n\t\t\t\t\t\t\t\t<div class=\"value\">13 MAY 26<\/div>\n\t\t\t\t\t\t\t\t<div class=\"arrow_date\"><\/div>\n\t\t\t\t\t\t\t<\/li>\n\t\t\t\t\t\t\t<li class=\"comments_number\">\t\t\t<a href=\"https:\/\/velacenter.com\/web\/novedades\/dr-lashani-informa-todo-sobre-depilacion-medica-laser\/#comments\" title=\"2 comentarios\">2<\/a>\n\t\t\t\t\t\t\t<\/li>\n\t\t\t\t\t\t<\/ul>\n\t\t\t\t\t\t<div class=\"post_content\"><a class=\"post_image\" href=\"https:\/\/velacenter.com\/web\/novedades\/dr-lashani-informa-todo-sobre-depilacion-medica-laser\/\" title=\"Dr. Lashani informa todo sobre Depilaci\u00f3n M\u00e9dica L\u00e1ser\"><span class=\"mc_preloader\"><\/span><img loading=\"lazy\" decoding=\"async\" width=\"480\" height=\"300\" src=\"https:\/\/velacenter.com\/web\/wp-content\/uploads\/2014\/01\/hqdefault-3-480x300.jpg?wsr\" class=\"attachment-medicenter-gallery-image size-medicenter-gallery-image wp-post-image\" alt=\"Dr. Lashani informa todo sobre Depilaci\u00f3n M\u00e9dica L\u00e1ser\" title=\"\" \/><\/a><h2><a href=\"https:\/\/velacenter.com\/web\/novedades\/dr-lashani-informa-todo-sobre-depilacion-medica-laser\/\" title=\"Dr. Lashani informa todo sobre Depilaci\u00f3n M\u00e9dica L\u00e1ser\">Dr. Lashani informa todo sobre Depilaci\u00f3n M\u00e9dica L\u00e1ser<\/a><\/h2><p>E-L\u00c1SER: Depilaci\u00f3n Permanente de Alta Velocidad E-L\u00e1ser es un sistema dedicado al tratamiento de remoci\u00f3n de vello, basado en la combinaci\u00f3n de energ\u00eda \u00f3ptica (l\u00e1ser) y Radiofrecuencia conducida. Ambos tipos de energ\u00eda se complementan mutuamente con el objeto de promover term\u00f3lisis epid\u00e9rmica y d\u00e9rmica a una profundidad controlada. El sistema facilita ajuste individual a fin<\/p>\n<a title=\"Leer m\u00e1s\" href=\"https:\/\/velacenter.com\/web\/novedades\/dr-lashani-informa-todo-sobre-depilacion-medica-laser\/\" class=\"more\">Leer m\u00e1s &rarr;<\/a><\/div><\/li><\/ul><\/div><ul class='pagination page_margin_top'><li class='selected'><span>1<\/span><\/li><li><a href='https:\/\/velacenter.com\/web\/wp-json\/wp\/v2\/pages\/2614\/page\/2\/'>2<\/a><\/li><li><a href='https:\/\/velacenter.com\/web\/wp-json\/wp\/v2\/pages\/2614\/page\/3\/'>3<\/a><\/li><li><a href='https:\/\/velacenter.com\/web\/wp-json\/wp\/v2\/pages\/2614\/page\/2\/'>&rsaquo;<\/a><\/li><li><a href='https:\/\/velacenter.com\/web\/wp-json\/wp\/v2\/pages\/2614\/page\/11\/'>&raquo;<\/a><\/li><\/ul> \n\t\t<\/div> \n\t<\/div> \n \n\t<div class=\"vc_span4 wpb_column column_container\">\n\t\t<div class=\"wpb_wrapper\">\n\t\t\t \n\t<div class=\"wpb_widgetised_column wpb_content_element clearfix page_margin_top\">\n\t\t<div class=\"wpb_wrapper\">\n\t\t\t<div id='medicenter_scrolling_most_viewed-2' class='widget scrolling_most_viewed_widget'>\t\t<div class=\"clearfix\">\r\n\t\t\t<div class=\"header_left\">\r\n\t\t\t\t<h3 class='box_header'>Promos & News + vistas<\/h3>\t\t\t<\/div>\r\n\t\t\t<div class=\"header_right\">\r\n\t\t\t\t<a href=\"#\" id=\"most_viewed_prev\" class=\"scrolling_list_control_left icon_small_arrow left_black\"><\/a>\r\n\t\t\t\t<a href=\"#\" id=\"most_viewed_next\" class=\"scrolling_list_control_right icon_small_arrow right_black\"><\/a>\r\n\t\t\t<\/div>\r\n\t\t<\/div>\r\n\t\t<div class=\"scrolling_list_wrapper\">\r\n\t\t\t<ul class=\"scrolling_list most_viewed\">\r\n\t\t\t\t\t\t\t\t<li class=\"icon_small_arrow right_black\">\r\n\t\t\t\t\t<a href=\"https:\/\/velacenter.com\/web\/novedades\/proximo-dia-de-botox\/\" class=\"clearfix\" title=\"Pr\u00f3ximo d\u00eda de Botox 26-Sept-2019\">\r\n\t\t\t\t\t\t<span class=\"left\">\r\n\t\t\t\t\t\t\tPr\u00f3ximo d\u00eda de Botox 26-Sept-2019\t\t\t\t\t\t<\/span>\r\n\t\t\t\t\t\t<span class=\"number\">\r\n\t\t\t\t\t\t\t19225\t\t\t\t\t\t<\/span>\r\n\t\t\t\t\t<\/a>\r\n\t\t\t\t\t<abbr title=\"20 enero, 2026\" class=\"timeago\">20 enero, 2026<\/abbr>\r\n\t\t\t\t<\/li>\r\n\t\t\t\t\t\t\t\t<li class=\"icon_small_arrow right_black\">\r\n\t\t\t\t\t<a href=\"https:\/\/velacenter.com\/web\/novedades\/velashape-iii-vs-velashape-ii\/\" class=\"clearfix\" title=\"VELASHAPE III Vs VELASHAPE II\">\r\n\t\t\t\t\t\t<span class=\"left\">\r\n\t\t\t\t\t\t\tVELASHAPE III Vs VELASHAPE II\t\t\t\t\t\t<\/span>\r\n\t\t\t\t\t\t<span class=\"number\">\r\n\t\t\t\t\t\t\t5682\t\t\t\t\t\t<\/span>\r\n\t\t\t\t\t<\/a>\r\n\t\t\t\t\t<abbr title=\"20 enero, 2026\" class=\"timeago\">20 enero, 2026<\/abbr>\r\n\t\t\t\t<\/li>\r\n\t\t\t\t\t\t\t\t<li class=\"icon_small_arrow right_black\">\r\n\t\t\t\t\t<a href=\"https:\/\/velacenter.com\/web\/novedades\/hilos-tensores\/\" class=\"clearfix\" title=\"HILOS TENSORES\">\r\n\t\t\t\t\t\t<span class=\"left\">\r\n\t\t\t\t\t\t\tHILOS TENSORES\t\t\t\t\t\t<\/span>\r\n\t\t\t\t\t\t<span class=\"number\">\r\n\t\t\t\t\t\t\t5401\t\t\t\t\t\t<\/span>\r\n\t\t\t\t\t<\/a>\r\n\t\t\t\t\t<abbr title=\"20 enero, 2026\" class=\"timeago\">20 enero, 2026<\/abbr>\r\n\t\t\t\t<\/li>\r\n\t\t\t\t\t\t\t\t<li class=\"icon_small_arrow right_black\">\r\n\t\t\t\t\t<a href=\"https:\/\/velacenter.com\/web\/novedades\/tipos-diferentes-de-labios-relleno-hialuronico\/\" class=\"clearfix\" title=\"Tipos diferentes de labios &#8211; RELLENO HIALURONICO\">\r\n\t\t\t\t\t\t<span class=\"left\">\r\n\t\t\t\t\t\t\tTipos diferentes de labios &#8211; RELLENO HIALURONICO\t\t\t\t\t\t<\/span>\r\n\t\t\t\t\t\t<span class=\"number\">\r\n\t\t\t\t\t\t\t4749\t\t\t\t\t\t<\/span>\r\n\t\t\t\t\t<\/a>\r\n\t\t\t\t\t<abbr title=\"20 enero, 2026\" class=\"timeago\">20 enero, 2026<\/abbr>\r\n\t\t\t\t<\/li>\r\n\t\t\t\t\t\t\t\t<li class=\"icon_small_arrow right_black\">\r\n\t\t\t\t\t<a href=\"https:\/\/velacenter.com\/web\/promociones\/promo-botox-60\/\" class=\"clearfix\" title=\"PROMO BOTOX $60!\">\r\n\t\t\t\t\t\t<span class=\"left\">\r\n\t\t\t\t\t\t\tPROMO BOTOX $60!\t\t\t\t\t\t<\/span>\r\n\t\t\t\t\t\t<span class=\"number\">\r\n\t\t\t\t\t\t\t4042\t\t\t\t\t\t<\/span>\r\n\t\t\t\t\t<\/a>\r\n\t\t\t\t\t<abbr title=\"20 enero, 2026\" class=\"timeago\">20 enero, 2026<\/abbr>\r\n\t\t\t\t<\/li>\r\n\t\t\t\t\t\t\t\t<li class=\"icon_small_arrow right_black\">\r\n\t\t\t\t\t<a href=\"https:\/\/velacenter.com\/web\/novedades\/nuevo-dia-de-botox-2\/\" class=\"clearfix\" title=\"NUEVO DIA DE BOTOX\">\r\n\t\t\t\t\t\t<span class=\"left\">\r\n\t\t\t\t\t\t\tNUEVO DIA DE BOTOX\t\t\t\t\t\t<\/span>\r\n\t\t\t\t\t\t<span class=\"number\">\r\n\t\t\t\t\t\t\t3945\t\t\t\t\t\t<\/span>\r\n\t\t\t\t\t<\/a>\r\n\t\t\t\t\t<abbr title=\"20 enero, 2026\" class=\"timeago\">20 enero, 2026<\/abbr>\r\n\t\t\t\t<\/li>\r\n\t\t\t\t\t\t\t<\/ul>\r\n\t\t<\/div>\r\n\t\t<\/div><div id='text-3' class='widget widget_text'>\t\t\t<div class=\"textwidget\"><div style=\"height:25px\"><\/div>\r\n<iframe src=\"https:\/\/www.facebook.com\/plugins\/likebox.php?href=https%3A%2F%2Fwww.facebook.com%2FVelaCenter&amp;width=310&amp;height=258&amp;colorscheme=light&amp;show_faces=true&amp;header=false&amp;stream=false&amp;show_border=true\" scrolling=\"no\" frameborder=\"0\" style=\"border:none; overflow:hidden; width:100%; height:258px;\" allowTransparency=\"true\"><\/iframe><\/div>\n\t\t<\/div><div id='text-4' class='widget widget_text'>\t\t\t<div class=\"textwidget\"><div style=\"height:25px\"><\/div>\r\n<a class=\"twitter-timeline\" href=\"https:\/\/twitter.com\/VelaCenter\" data-widget-id=\"427795539665489920\">Tweets por @VelaCenter<\/a>\r\n<script>!function(d,s,id){var js,fjs=d.getElementsByTagName(s)[0],p=\/^http:\/.test(d.location)?'http':'https';if(!d.getElementById(id)){js=d.createElement(s);js.id=id;js.src=p+\":\/\/platform.twitter.com\/widgets.js\";fjs.parentNode.insertBefore(js,fjs);}}(document,\"script\",\"twitter-wjs\");<\/script><\/div>\n\t\t<\/div><div id='text-5' class='widget widget_text'>\t\t\t<div class=\"textwidget\"><div style=\"height:25px\"><\/div>\r\n<div class=\"g-person\" data-width=\"310\" data-href=\"https:\/\/plus.google.com\/102291649469513886567\" data-rel=\"author\"><\/div>\r\n\r\n<!-- Place this tag after the last widget tag. -->\r\n<script type=\"text\/javascript\">\r\n  window.___gcfg = {lang: 'es-419'};\r\n\r\n  (function() {\r\n    var po = document.createElement('script'); po.type = 'text\/javascript'; po.async = true;\r\n    po.src = 'https:\/\/apis.google.com\/js\/platform.js';\r\n    var s = document.getElementsByTagName('script')[0]; s.parentNode.insertBefore(po, s);\r\n  })();\r\n<\/script><\/div>\n\t\t<\/div>\n\t\t<\/div> \n\t<\/div>  \n\t\t<\/div> \n\t<\/div> \n <\/div>\n","protected":false},"excerpt":{"rendered":"&nbsp;","protected":false},"author":3,"featured_media":0,"parent":0,"menu_order":0,"comment_status":"open","ping_status":"open","template":"template-blog.php","meta":{"footnotes":""},"class_list":["post-2614","page","type-page","status-publish","hentry"],"_links":{"self":[{"href":"https:\/\/velacenter.com\/web\/wp-json\/wp\/v2\/pages\/2614","targetHints":{"allow":["GET"]}}],"collection":[{"href":"https:\/\/velacenter.com\/web\/wp-json\/wp\/v2\/pages"}],"about":[{"href":"https:\/\/velacenter.com\/web\/wp-json\/wp\/v2\/types\/page"}],"author":[{"embeddable":true,"href":"https:\/\/velacenter.com\/web\/wp-json\/wp\/v2\/users\/3"}],"replies":[{"embeddable":true,"href":"https:\/\/velacenter.com\/web\/wp-json\/wp\/v2\/comments?post=2614"}],"version-history":[{"count":0,"href":"https:\/\/velacenter.com\/web\/wp-json\/wp\/v2\/pages\/2614\/revisions"}],"wp:attachment":[{"href":"https:\/\/velacenter.com\/web\/wp-json\/wp\/v2\/media?parent=2614"}],"curies":[{"name":"wp","href":"https:\/\/api.w.org\/{rel}","templated":true}]}}