{"id":2619,"date":"2014-01-27T03:04:21","date_gmt":"2014-01-27T03:04:21","guid":{"rendered":"https:\/\/velacenter.com\/web\/?page_id=2619"},"modified":"2020-10-06T13:55:31","modified_gmt":"2020-10-06T13:55:31","slug":"adiposidad-y-lipodistrofias","status":"publish","type":"page","link":"https:\/\/velacenter.com\/web\/adiposidad-y-lipodistrofias\/","title":{"rendered":"Adiposidad y Lipodistrofias"},"content":{"rendered":"<div class=\"wpb_row vc_row-fluid \"> \n\t<div class=\"vc_span12 wpb_column column_container\">\n\t\t<div class=\"wpb_wrapper\">\n\t\t\t <div class=\"clearfix tabs page_margin_top_section\" data-interval=\"0\">\n\t\t\t<ul class=\"tabs_navigation clearfix\"><li><a href=\"#noinvasivos\">TRATAMIENTOS NO INVASIVOS<\/a><\/li><li><a href=\"#miniinvasivos\">TRATAMIENTOS MINI-INVASIVOS<\/a><\/li><\/ul>\n\n\t\t\t \n\t\t\t<div id=\"noinvasivos\" class=\"wpb_tab\">\n\t\t\t\t <div class=\"clearfix tabs page_margin_top\" data-interval=\"0\">\n\t\t\t<ul class=\"tabs_navigation clearfix\"><li><a href=\"#noinvasivo1\">ULTRASHAPE<\/a><\/li><\/ul>\n\n\t\t\t \n\t\t\t<div id=\"noinvasivo1\">\n\t\t\t\t <div class=\"wpb_row vc_row-fluid  page_margin_top\"> \n\t<div class=\"vc_span8\">\n\t\t<div class=\"wpb_wrapper\">\n\t\t\t \n\t<div class=\"wpb_raw_code wpb_content_element wpb_raw_html\">\n\t\t<div class=\"wpb_wrapper\">\n\t\t\t<br\/>\n\t\t<\/div> \n\t<\/div>  \n\t<div class=\"wpb_text_column wpb_content_element \">\n\t\t<div class=\"wpb_wrapper\">\n\t\t\t\n<p><img loading=\"lazy\" decoding=\"async\" class=\"alignleft size-full wp-image-2381\" src=\"https:\/\/velacenter.com\/web\/wp-content\/uploads\/2014\/01\/logo-ultrashape.png\" alt=\"logo-ultrashape\" width=\"300\" height=\"117\" \/>Ultrashape permite eliminar de forma eficaz y no quir\u00fargica los dep\u00f3sitos de grasa presentes en el organismo.\u00a0Se trata del primer y \u00fanico equipo m\u00e9dico capaz de realizar una remodelaci\u00f3n ultras\u00f3nica de la silueta de forma no invasiva. Es el ultracravitador m\u00e1s potente-eficaz y seguro del mundo.<\/p>\n\n\t\t<\/div> \n\t<\/div>  <div class=\"wpb_separator wpb_content_element \"><\/div>\n <div class=\"clearfix page_margin_top\">\r\n\t\t\t<div class=\"header_left\"><h3 class=\"box_header\">El Equipo<\/h3><\/div>\r\n\t\t\t<div class=\"header_right\"><a href=\"#\" id=\"carousel21_prev\" class=\"scrolling_list_control_left icon_small_arrow left_black\"><\/a><a href=\"#\" id=\"carousel21_next\" class=\"scrolling_list_control_right icon_small_arrow right_black\"><\/a><\/div><\/div>\r\n\t\t\t<ul class=\"mc_gallery horizontal_carousel carousel21 id-carousel21 autoplay-1 pause_on_hover-1 scroll-1 effect-scroll easing-swing duration-500\"><li class=\"gallery_box\"><img loading=\"lazy\" decoding=\"async\" width=\"225\" height=\"150\" src=\"https:\/\/velacenter.com\/web\/wp-content\/uploads\/2014\/01\/4-225x150.jpg?wsr\" class=\"attachment-medicenter-gallery-thumb-type-2 size-medicenter-gallery-thumb-type-2\" alt=\"\" srcset=\"https:\/\/velacenter.com\/web\/wp-content\/uploads\/2014\/01\/4-225x150.jpg 225w, https:\/\/velacenter.com\/web\/wp-content\/uploads\/2014\/01\/4-300x199.jpg 300w, https:\/\/velacenter.com\/web\/wp-content\/uploads\/2014\/01\/4.jpg 899w\" sizes=\"auto, (max-width: 225px) 100vw, 225px\" \/><ul class=\"controls\">\r\n\t\t\t\t<li>\r\n\t\t\t\t\t<a href=\"https:\/\/velacenter.com\/web\/wp-content\/uploads\/2014\/01\/4.jpg\" class=\"fancybox open_lightbox\" rel=\"carouselcarousel21\" style=\"background-image: url('https:\/\/velacenter.com\/web\/wp-content\/themes\/velacenter\/images\/icons_media\/blue_light\/image.png')\"><\/a>\r\n\t\t\t\t<\/li>\r\n\t\t\t<\/ul>\r\n\t\t<\/li><li class=\"gallery_box\"><img loading=\"lazy\" decoding=\"async\" width=\"225\" height=\"150\" src=\"https:\/\/velacenter.com\/web\/wp-content\/uploads\/2014\/01\/belleza2-225x150.jpg?wsr\" class=\"attachment-medicenter-gallery-thumb-type-2 size-medicenter-gallery-thumb-type-2\" alt=\"\" srcset=\"https:\/\/velacenter.com\/web\/wp-content\/uploads\/2014\/01\/belleza2-225x150.jpg 225w, https:\/\/velacenter.com\/web\/wp-content\/uploads\/2014\/01\/belleza2-300x198.jpg 300w, https:\/\/velacenter.com\/web\/wp-content\/uploads\/2014\/01\/belleza2.jpg 450w\" sizes=\"auto, (max-width: 225px) 100vw, 225px\" \/><ul class=\"controls\">\r\n\t\t\t\t<li>\r\n\t\t\t\t\t<a href=\"https:\/\/velacenter.com\/web\/wp-content\/uploads\/2014\/01\/belleza2.jpg\" class=\"fancybox open_lightbox\" rel=\"carouselcarousel21\" style=\"background-image: url('https:\/\/velacenter.com\/web\/wp-content\/themes\/velacenter\/images\/icons_media\/blue_light\/image.png')\"><\/a>\r\n\t\t\t\t<\/li>\r\n\t\t\t<\/ul>\r\n\t\t<\/li><li class=\"gallery_box\"><img loading=\"lazy\" decoding=\"async\" width=\"225\" height=\"150\" src=\"https:\/\/velacenter.com\/web\/wp-content\/uploads\/2014\/01\/P3061048-225x150.jpg?wsr\" class=\"attachment-medicenter-gallery-thumb-type-2 size-medicenter-gallery-thumb-type-2\" alt=\"\" \/><ul class=\"controls\">\r\n\t\t\t\t<li>\r\n\t\t\t\t\t<a href=\"https:\/\/velacenter.com\/web\/wp-content\/uploads\/2014\/01\/P3061048.jpg\" class=\"fancybox open_lightbox\" rel=\"carouselcarousel21\" style=\"background-image: url('https:\/\/velacenter.com\/web\/wp-content\/themes\/velacenter\/images\/icons_media\/blue_light\/image.png')\"><\/a>\r\n\t\t\t\t<\/li>\r\n\t\t\t<\/ul>\r\n\t\t<\/li><li class=\"gallery_box\"><img loading=\"lazy\" decoding=\"async\" width=\"225\" height=\"150\" src=\"https:\/\/velacenter.com\/web\/wp-content\/uploads\/2014\/01\/treatment-new-225x150.jpg?wsr\" class=\"attachment-medicenter-gallery-thumb-type-2 size-medicenter-gallery-thumb-type-2\" alt=\"\" \/><ul class=\"controls\">\r\n\t\t\t\t<li>\r\n\t\t\t\t\t<a href=\"https:\/\/velacenter.com\/web\/wp-content\/uploads\/2014\/01\/treatment-new.jpg\" class=\"fancybox open_lightbox\" rel=\"carouselcarousel21\" style=\"background-image: url('https:\/\/velacenter.com\/web\/wp-content\/themes\/velacenter\/images\/icons_media\/blue_light\/image.png')\"><\/a>\r\n\t\t\t\t<\/li>\r\n\t\t\t<\/ul>\r\n\t\t<\/li><li class=\"gallery_box\"><img loading=\"lazy\" decoding=\"async\" width=\"225\" height=\"150\" src=\"https:\/\/velacenter.com\/web\/wp-content\/uploads\/2014\/01\/images-225x150.jpg?wsr\" class=\"attachment-medicenter-gallery-thumb-type-2 size-medicenter-gallery-thumb-type-2\" alt=\"\" \/><ul class=\"controls\">\r\n\t\t\t\t<li>\r\n\t\t\t\t\t<a href=\"https:\/\/velacenter.com\/web\/wp-content\/uploads\/2014\/01\/images.jpg\" class=\"fancybox open_lightbox\" rel=\"carouselcarousel21\" style=\"background-image: url('https:\/\/velacenter.com\/web\/wp-content\/themes\/velacenter\/images\/icons_media\/blue_light\/image.png')\"><\/a>\r\n\t\t\t\t<\/li>\r\n\t\t\t<\/ul>\r\n\t\t<\/li><li class=\"gallery_box\"><img loading=\"lazy\" decoding=\"async\" width=\"225\" height=\"150\" src=\"https:\/\/velacenter.com\/web\/wp-content\/uploads\/2014\/01\/Ultrashape-225x150.jpg?wsr\" class=\"attachment-medicenter-gallery-thumb-type-2 size-medicenter-gallery-thumb-type-2\" alt=\"\" \/><ul class=\"controls\">\r\n\t\t\t\t<li>\r\n\t\t\t\t\t<a href=\"https:\/\/velacenter.com\/web\/wp-content\/uploads\/2014\/01\/Ultrashape.jpg\" class=\"fancybox open_lightbox\" rel=\"carouselcarousel21\" style=\"background-image: url('https:\/\/velacenter.com\/web\/wp-content\/themes\/velacenter\/images\/icons_media\/blue_light\/image.png')\"><\/a>\r\n\t\t\t\t<\/li>\r\n\t\t\t<\/ul>\r\n\t\t<\/li><\/ul> \n\t\t<ul class=\"accordion page_margin_top accordion-active\">\n\t\t\t \n\t\t\t<li>\n\t\t\t\t<div id=\"accordion-21\"><h3>\u00bfPara qui\u00e9nes est\u00e1 indicado Ultrashape?<\/h3><\/div>\n\t\t\t\t<div class=\"clearfix\">\n\t\t\t\t \n\t<div class=\"wpb_text_column wpb_content_element \">\n\t\t<div class=\"wpb_wrapper\">\n\t\t\t\n<p>Mujeres y hombres que presentan zonas con adiposidad localizada.<\/p>\n\n\t\t<\/div> \n\t<\/div>  \n\t\t\t\t<\/div>\n\t\t\t<\/li> \n \n\t\t\t<li>\n\t\t\t\t<div id=\"accordion-22\"><h3>\u00bfQu\u00e9 zonas es posible de tratar?<\/h3><\/div>\n\t\t\t\t<div class=\"clearfix\">\n\t\t\t\t \n\t<div class=\"wpb_text_column wpb_content_element \">\n\t\t<div class=\"wpb_wrapper\">\n\t\t\t\n<p>Abdomen &#8211; Muslos &#8211; Pantal\u00f3n de montar &#8211; Flancos<\/p>\n\n\t\t<\/div> \n\t<\/div>  \n\t\t\t\t<\/div>\n\t\t\t<\/li> \n \n\t\t\t<li>\n\t\t\t\t<div id=\"accordion-23\"><h3>\u00bfQu\u00e9 resultados se pueden esperar?<\/h3><\/div>\n\t\t\t\t<div class=\"clearfix\">\n\t\t\t\t \n\t<div class=\"wpb_text_column wpb_content_element \">\n\t\t<div class=\"wpb_wrapper\">\n\t\t\t\n<p>Al finalizar el tratamiento se nota una discreta disminuci\u00f3n de volumen. La p\u00e9rdida de cent\u00edmetros, sin embargo, se ve a medida que la grasa destruida va siendo eliminada por propio organismo.<\/p>\n\n\t\t<\/div> \n\t<\/div>  \n\t\t\t\t<\/div>\n\t\t\t<\/li> \n \n\t\t\t<li>\n\t\t\t\t<div id=\"accordion-24\"><h3>\u00bfCu\u00e1nto dura el tratamiento?<\/h3><\/div>\n\t\t\t\t<div class=\"clearfix\">\n\t\t\t\t \n\t<div class=\"wpb_text_column wpb_content_element \">\n\t\t<div class=\"wpb_wrapper\">\n\t\t\t\n<p>Cada sesi\u00f3n dura un m\u00e1ximo de dos horas por \u00e1rea seleccionada. El n\u00famero de sesiones totales depende del grado de adiposidad del paciente, pero en general con 3 o 4 realizadas a intervalos de 4 semanas es suficiente.<\/p>\n\n\t\t<\/div> \n\t<\/div>  \n\t\t\t\t<\/div>\n\t\t\t<\/li> \n \n\t\t<\/ul>  <div class=\"clearfix page_margin_top\">\r\n\t\t\t<div class=\"header_left\"><h3 class=\"box_header\">Antes y Despu\u00e9s<\/h3><\/div>\r\n\t\t\t<div class=\"header_right\"><a href=\"#\" id=\"carousel23_prev\" class=\"scrolling_list_control_left icon_small_arrow left_black\"><\/a><a href=\"#\" id=\"carousel23_next\" class=\"scrolling_list_control_right icon_small_arrow right_black\"><\/a><\/div><\/div>\r\n\t\t\t<ul class=\"mc_gallery horizontal_carousel carousel23 id-carousel23 autoplay-1 pause_on_hover-0 scroll-1 effect-scroll easing-swing duration-500\"><li class=\"gallery_box\"><img loading=\"lazy\" decoding=\"async\" width=\"225\" height=\"150\" src=\"https:\/\/velacenter.com\/web\/wp-content\/uploads\/2014\/01\/image-35-225x150.jpg?wsr\" class=\"attachment-medicenter-gallery-thumb-type-2 size-medicenter-gallery-thumb-type-2\" alt=\"\" \/><ul class=\"controls\">\r\n\t\t\t\t<li>\r\n\t\t\t\t\t<a href=\"https:\/\/velacenter.com\/web\/wp-content\/uploads\/2014\/01\/image-35.jpg\" class=\"fancybox open_lightbox\" rel=\"carouselcarousel23\" style=\"background-image: url('https:\/\/velacenter.com\/web\/wp-content\/themes\/velacenter\/images\/icons_media\/blue_light\/image.png')\"><\/a>\r\n\t\t\t\t<\/li>\r\n\t\t\t<\/ul>\r\n\t\t<\/li><li class=\"gallery_box\"><img loading=\"lazy\" decoding=\"async\" width=\"225\" height=\"150\" src=\"https:\/\/velacenter.com\/web\/wp-content\/uploads\/2014\/01\/image-39-225x150.jpg?wsr\" class=\"attachment-medicenter-gallery-thumb-type-2 size-medicenter-gallery-thumb-type-2\" alt=\"\" \/><ul class=\"controls\">\r\n\t\t\t\t<li>\r\n\t\t\t\t\t<a href=\"https:\/\/velacenter.com\/web\/wp-content\/uploads\/2014\/01\/image-39.jpg\" class=\"fancybox open_lightbox\" rel=\"carouselcarousel23\" style=\"background-image: url('https:\/\/velacenter.com\/web\/wp-content\/themes\/velacenter\/images\/icons_media\/blue_light\/image.png')\"><\/a>\r\n\t\t\t\t<\/li>\r\n\t\t\t<\/ul>\r\n\t\t<\/li><li class=\"gallery_box\"><img loading=\"lazy\" decoding=\"async\" width=\"225\" height=\"150\" src=\"https:\/\/velacenter.com\/web\/wp-content\/uploads\/2014\/01\/image-42-225x150.jpg?wsr\" class=\"attachment-medicenter-gallery-thumb-type-2 size-medicenter-gallery-thumb-type-2\" alt=\"\" \/><ul class=\"controls\">\r\n\t\t\t\t<li>\r\n\t\t\t\t\t<a href=\"https:\/\/velacenter.com\/web\/wp-content\/uploads\/2014\/01\/image-42.jpg\" class=\"fancybox open_lightbox\" rel=\"carouselcarousel23\" style=\"background-image: url('https:\/\/velacenter.com\/web\/wp-content\/themes\/velacenter\/images\/icons_media\/blue_light\/image.png')\"><\/a>\r\n\t\t\t\t<\/li>\r\n\t\t\t<\/ul>\r\n\t\t<\/li><li class=\"gallery_box\"><img loading=\"lazy\" decoding=\"async\" width=\"225\" height=\"150\" src=\"https:\/\/velacenter.com\/web\/wp-content\/uploads\/2014\/01\/image-451-225x150.jpg?wsr\" class=\"attachment-medicenter-gallery-thumb-type-2 size-medicenter-gallery-thumb-type-2\" alt=\"\" \/><ul class=\"controls\">\r\n\t\t\t\t<li>\r\n\t\t\t\t\t<a href=\"https:\/\/velacenter.com\/web\/wp-content\/uploads\/2014\/01\/image-451.jpg\" class=\"fancybox open_lightbox\" rel=\"carouselcarousel23\" style=\"background-image: url('https:\/\/velacenter.com\/web\/wp-content\/themes\/velacenter\/images\/icons_media\/blue_light\/image.png')\"><\/a>\r\n\t\t\t\t<\/li>\r\n\t\t\t<\/ul>\r\n\t\t<\/li><li class=\"gallery_box\"><img loading=\"lazy\" decoding=\"async\" width=\"225\" height=\"150\" src=\"https:\/\/velacenter.com\/web\/wp-content\/uploads\/2014\/01\/image-511-225x150.jpg?wsr\" class=\"attachment-medicenter-gallery-thumb-type-2 size-medicenter-gallery-thumb-type-2\" alt=\"\" \/><ul class=\"controls\">\r\n\t\t\t\t<li>\r\n\t\t\t\t\t<a href=\"https:\/\/velacenter.com\/web\/wp-content\/uploads\/2014\/01\/image-511.jpg\" class=\"fancybox open_lightbox\" rel=\"carouselcarousel23\" style=\"background-image: url('https:\/\/velacenter.com\/web\/wp-content\/themes\/velacenter\/images\/icons_media\/blue_light\/image.png')\"><\/a>\r\n\t\t\t\t<\/li>\r\n\t\t\t<\/ul>\r\n\t\t<\/li><\/ul> <div class=\"clearfix page_margin_top\">\r\n\t\t\t<div class=\"header_left\"><h3 class=\"box_header\">Videos<\/h3><\/div>\r\n\t\t\t<div class=\"header_right\"><a href=\"#\" id=\"carousel22_prev\" class=\"scrolling_list_control_left icon_small_arrow left_black\"><\/a><a href=\"#\" id=\"carousel22_next\" class=\"scrolling_list_control_right icon_small_arrow right_black\"><\/a><\/div><\/div>\r\n\t\t\t<ul class=\"mc_gallery horizontal_carousel carousel22 id-carousel22 autoplay-1 pause_on_hover-1 scroll-1 effect-scroll easing-swing duration-500\"><li class=\"gallery_box\"><img loading=\"lazy\" decoding=\"async\" width=\"225\" height=\"150\" src=\"https:\/\/velacenter.com\/web\/wp-content\/uploads\/2014\/01\/Sin-t\u00edtulo-2-225x150.jpg?wsr\" class=\"attachment-medicenter-gallery-thumb-type-2 size-medicenter-gallery-thumb-type-2\" alt=\"\" \/><ul class=\"controls\">\r\n\t\t\t\t<li>\r\n\t\t\t\t\t<a href=\"http:\/\/www.youtube.com\/watch?v=3FF6BT8ZG4A\" class=\"fancybox-video open_video_lightbox\" style=\"background-image: url('https:\/\/velacenter.com\/web\/wp-content\/themes\/velacenter\/images\/icons_media\/blue_light\/video.png')\"><\/a>\r\n\t\t\t\t<\/li>\r\n\t\t\t<\/ul>\r\n\t\t<\/li><\/ul> \n\t\t<\/div> \n\t<\/div> \n \n\t<div class=\"vc_span4\">\n\t\t<div class=\"wpb_wrapper\">\n\t\t\t <h3 class=\"box_header page_margin_top\">C\u00f3mo funciona?<\/h3> \n\t<div class=\"wpb_raw_code wpb_content_element wpb_raw_html\">\n\t\t<div class=\"wpb_wrapper\">\n\t\t\t<br\/>\n\t\t<\/div> \n\t<\/div>  \n\t<div class=\"wpb_video_widget wpb_content_element\">\n\t\t<div class=\"wpb_wrapper\"><div class=\"wpb_video_wrapper\"><iframe loading=\"lazy\" title=\"UltraShape V3 (Espa\u00f1ol )\" width=\"500\" height=\"375\" src=\"https:\/\/www.youtube.com\/embed\/ksujaVnPOg0?feature=oembed\" frameborder=\"0\" allow=\"accelerometer; autoplay; clipboard-write; encrypted-media; gyroscope; picture-in-picture; web-share\" referrerpolicy=\"strict-origin-when-cross-origin\" allowfullscreen><\/iframe><\/div>\n\t\t<\/div> \n\t<\/div>  <h3 class=\"box_header page_margin_top_section\">Aplicaciones<\/h3> \n\t<div class=\"wpb_text_column wpb_content_element \">\n\t\t<div class=\"wpb_wrapper\">\n\t\t\t\n<p>&#8211; Abdomen y Cintura<br \/>\n&#8211; Pantal\u00f3n de Montar<br \/>\n&#8211; Flancos<br \/>\n&#8211; Gl\u00fateos<br \/>\n&#8211; Muslos<\/p>\n\n\t\t<\/div> \n\t<\/div>  <h3 class=\"box_header page_margin_top\">El tratamiento<\/h3> \n\t<div class=\"wpb_text_column wpb_content_element \">\n\t\t<div class=\"wpb_wrapper\">\n\t\t\t\n<p>La tecnolog\u00eda desarrollada por UltraShape aplica ultrasonido focalizado sobre las zonas a tratar, provocando la lisis de los adipositos en la capa subcut\u00e1nea. De este modo, por cavitaci\u00f3n mec\u00e1nica, se destruye la membrana de las c\u00e9lulas grasas en forma selectiva, si da\u00f1ar los tejidos circundantes, logrando disminuir hasta 2,5 cm el contorno corporal luego de una sola sesi\u00f3n. Una vez provocada la lisis de los adipositos, los \u00e1cidos grasos son liberados al medio y metabolizados a trav\u00e9s del h\u00edgado. La p\u00e9rdida de cent\u00edmetros, sin embargo, se ve a medida que la grasa destruida va siendo eliminada por propio organismo. Cada sesi\u00f3n dura un m\u00e1ximo de dos horas por \u00e1rea seleccionada. El n\u00famero de sesiones totales depende del grado de adiposidad del paciente, pero en general con 3 o 4 sesiones realizadas a intervalos de un m\u00ednimo de 2 semanas y un m\u00e1ximo de 4 semanas es suficiente.<\/p>\n\n\t\t<\/div> \n\t<\/div>  \n\t<div class=\"wpb_text_column wpb_content_element \">\n\t\t<div class=\"wpb_wrapper\">\n\t\t\t\n<p><img loading=\"lazy\" decoding=\"async\" class=\"aligncenter size-full wp-image-2512\" src=\"https:\/\/velacenter.com\/web\/wp-content\/uploads\/2014\/01\/ultrashape2.png\" alt=\"ultrashape2\" width=\"153\" height=\"400\" \/><\/p>\n\n\t\t<\/div> \n\t<\/div>  \n\t\t<\/div> \n\t<\/div> \n <\/div> \n\t\t\t<\/div>  \n\t\t<\/div> \n\t\t\t<\/div>  \n\t\t\t<div id=\"miniinvasivos\" class=\"wpb_tab\">\n\t\t\t\t <div class=\"clearfix tabs page_margin_top\" data-interval=\"0\">\n\t\t\t<ul class=\"tabs_navigation clearfix\"><li><a href=\"#miniinvasivos1\">HIDROLIPOCLASIA ULTRAS\u00d3NICA<\/a><\/li><li><a href=\"#miniinvasivos2\">MESOTERAPIA PROFUNDA CON FOSFATIDILCOLINA<\/a><\/li><\/ul>\n\n\t\t\t \n\t\t\t<div id=\"miniinvasivos1\">\n\t\t\t\t <div class=\"wpb_row vc_row-fluid  page_margin_top\"> \n\t<div class=\"vc_span12\">\n\t\t<div class=\"wpb_wrapper\">\n\t\t\t \n\t<div class=\"wpb_text_column wpb_content_element \">\n\t\t<div class=\"wpb_wrapper\">\n\t\t\t\n<p><img loading=\"lazy\" decoding=\"async\" class=\"alignright wp-image-2680\" src=\"https:\/\/velacenter.com\/web\/wp-content\/uploads\/2014\/01\/blog_images_1282561808-fillefondblanc280f39.jpg\" alt=\"215864_6370186_hidrous_H161642_L\" width=\"400\" height=\"353\" \/>La hidrolipoclasia Ultras\u00f3nica es un m\u00e9todo eficaz para destruir las masas adiposas localizadas. Su acci\u00f3n provoca que aquellos sectores con c\u00famulos de grasa se reduzcan para modelar cada parte del cuerpo.<br \/>\n<strong>Tan efectivo como indoloro<\/strong><br \/>\nNo requiere cirug\u00eda. La Hidrolipoclasia Ultras\u00f3nica se basa en el m\u00e9todo de cavitaci\u00f3n que, a partir de la emisi\u00f3n de ondas ultras\u00f3nicas, provoca que las c\u00e9lulas adiposas se descompriman hasta explotar.<br \/>\n&#8211; Excelentes resultados en las zonas que ni la gimnasia ni la dieta logran reducir.<br \/>\n&#8211; Tratamiento tan efectivo como suave. La ondas emitidas por el equipo s\u00f3lo afectan a los adipocitos, no da\u00f1a los vasos sangu\u00edneos.<br \/>\n&#8211; Sumamente simple: La aplicaci\u00f3n del sistema de cavitaci\u00f3n no requiere anestesia ni preparaci\u00f3n previa y permite volver a la vida normal inmediatamente.<br \/>\n&#8211; Celulitis: Uno de los resultados m\u00e1s destacables que proporciona el tratamiento es su acci\u00f3n contra la celulitis. La cavilaci\u00f3n estimula la circulaci\u00f3n sangu\u00ednea y la generaci\u00f3n de nuevo col\u00e1geno que mejora el aspecto de la piel con celulitis.<br \/>\n&#8211; Resultados: Excelentes resultados en pocas sesiones, es la elecci\u00f3n m\u00e1s apropiada para tu cuerpo. Es tambi\u00e9n un complemento ideal para retoques pre y post liposucci\u00f3n ya que corrige perfectamente las asimetr\u00edas.<\/p>\n\n\t\t<\/div> \n\t<\/div>  \n\t\t<\/div> \n\t<\/div> \n <\/div> \n\t\t\t<\/div>  \n\t\t\t<div id=\"miniinvasivos2\">\n\t\t\t\t <div class=\"wpb_row vc_row-fluid  page_margin_top\"> \n\t<div class=\"vc_span12\">\n\t\t<div class=\"wpb_wrapper\">\n\t\t\t \n\t<div class=\"wpb_text_column wpb_content_element \">\n\t\t<div class=\"wpb_wrapper\">\n\t\t\t\n<p><strong><img loading=\"lazy\" decoding=\"async\" class=\"alignright size-full wp-image-2681\" src=\"https:\/\/velacenter.com\/web\/wp-content\/uploads\/2014\/01\/fosfatidilcolina.jpg\" alt=\"fosfatidilcolina\" width=\"278\" height=\"400\" srcset=\"https:\/\/velacenter.com\/web\/wp-content\/uploads\/2014\/01\/fosfatidilcolina.jpg 278w, https:\/\/velacenter.com\/web\/wp-content\/uploads\/2014\/01\/fosfatidilcolina-208x300.jpg 208w\" sizes=\"auto, (max-width: 278px) 100vw, 278px\" \/>Es otro m\u00e9todo de Lipoescultura sin cirug\u00eda.<\/strong><br \/>\nLa fosfatidilcolina es un producto que se obtiene a partir de la lecitina de soja y que tiene la virtud de disolver la grasa s\u00f3lida localizada ya que siendo aplicada mediante la inyecci\u00f3n en los tejidos la grasa se vuelve m\u00e1s soluble y el organismo la elimina naturalmente.<br \/>\nEsta indicada para tratar la grasa localizada en mujeres y hombres a\u00fan delgados.<br \/>\nSe coloca en forma profunda pero es indolora.<br \/>\nPor lo general luego de la aplicaci\u00f3n se recomienda al paciente tomarse 1 litro de agua dentro de las 2 horas siguientes a la sesi\u00f3n, colocarse una prenda ajustada y no realizar esfuerzo f\u00edsico ni lavar la zona hasta 24 hs despu\u00e9s.<br \/>\nEsta indicada para aquellos pacientes que presenten adiposidad fija dif\u00edcil de combatir con ejercicio y dieta. Se la utiliza para disolver adiposidades localizadas en abdomen, piernas, flancos y brazos.<\/p>\n\n\t\t<\/div> \n\t<\/div>  \n\t\t<\/div> \n\t<\/div> \n <\/div> \n\t\t\t<\/div>  \n\t\t<\/div> \n\t\t\t<\/div>  \n\t\t<\/div> \n\t\t<\/div> \n\t<\/div> \n <\/div> <div class=\"wpb_row vc_row-fluid  page_margin_top\"> \n\t<div class=\"vc_span12 wpb_column column_container\">\n\t\t<div class=\"wpb_wrapper\">\n\t\t\t <div class=\"announcement clearfix\">\n\t\t\t\t\t<ul class=\"columns no_width\">\n\t\t\t\t\t\t<li class=\"column_left\"><h1>Consultanos hoy sobre estos tratamientos!<\/h3>\n<p>Comunicate a los Tel: +54 341 15564-1577 \/ 15319-2126 o por e-mail a <a href=\"mailto:info@velacenter.com\">info@velacenter.com<\/a><\/p>\n\n<\/li><li class=\"column_right\">\n\t\t\t\t\t\t<div class=\"vertical_align\">\n\t\t\t\t\t\t\t<div class=\"vertical_align_cell\">\n\t\t\t\t\t\t\t\t<a style=\"background-color:#3156a3;border-color:#3156a3;color:#FFFFFF;\" onMouseOver=\"this.style.backgroundColor='#42b3e5';this.style.borderColor='#42b3e5';this.style.color='#FFFFFF';\" onMouseOut=\"this.style.backgroundColor='#3156a3';this.style.borderColor='#3156a3';this.style.color='#FFFFFF';\" title=\"DEJANOS TU CONSULTA!\" href=\"https:\/\/velacenter.com\/web\/contacto\/\" class=\"more mc_button medium\">DEJANOS TU CONSULTA!<\/a>\n\t\t\t\t\t\t\t<\/div>\n\t\t\t\t\t\t<\/div>\n\t\t\t\t\t<\/li><\/ul>\n\t\t\t<\/div> \n\t\t<\/div> \n\t<\/div> \n <\/div>\n","protected":false},"excerpt":{"rendered":"TRATAMIENTOS NO INVASIVOSTRATAMIENTOS MINI-INVASIVOS ULTRASHAPE Ultrashape permite eliminar de forma eficaz y no quir\u00fargica los dep\u00f3sitos de grasa presentes en el organismo.\u00a0Se trata del primer y \u00fanico equipo m\u00e9dico capaz de realizar una remodelaci\u00f3n ultras\u00f3nica de la silueta de forma no invasiva. Es el ultracravitador m\u00e1s potente-eficaz y seguro del mundo. El Equipo \u00bfPara qui\u00e9nes","protected":false},"author":3,"featured_media":0,"parent":0,"menu_order":0,"comment_status":"open","ping_status":"closed","template":"","meta":{"footnotes":""},"class_list":["post-2619","page","type-page","status-publish","hentry"],"_links":{"self":[{"href":"https:\/\/velacenter.com\/web\/wp-json\/wp\/v2\/pages\/2619","targetHints":{"allow":["GET"]}}],"collection":[{"href":"https:\/\/velacenter.com\/web\/wp-json\/wp\/v2\/pages"}],"about":[{"href":"https:\/\/velacenter.com\/web\/wp-json\/wp\/v2\/types\/page"}],"author":[{"embeddable":true,"href":"https:\/\/velacenter.com\/web\/wp-json\/wp\/v2\/users\/3"}],"replies":[{"embeddable":true,"href":"https:\/\/velacenter.com\/web\/wp-json\/wp\/v2\/comments?post=2619"}],"version-history":[{"count":0,"href":"https:\/\/velacenter.com\/web\/wp-json\/wp\/v2\/pages\/2619\/revisions"}],"wp:attachment":[{"href":"https:\/\/velacenter.com\/web\/wp-json\/wp\/v2\/media?parent=2619"}],"curies":[{"name":"wp","href":"https:\/\/api.w.org\/{rel}","templated":true}]}}