{"id":2631,"date":"2014-01-27T03:11:03","date_gmt":"2014-01-27T03:11:03","guid":{"rendered":"https:\/\/velacenter.com\/web\/?page_id=2631"},"modified":"2020-10-06T13:58:05","modified_gmt":"2020-10-06T13:58:05","slug":"fotorejuvenecimiento","status":"publish","type":"page","link":"https:\/\/velacenter.com\/web\/fotorejuvenecimiento\/","title":{"rendered":"Fotorejuvenecimiento"},"content":{"rendered":"<div class=\"wpb_row vc_row-fluid \"> \n\t<div class=\"vc_span12 wpb_column column_container\">\n\t\t<div class=\"wpb_wrapper\">\n\t\t\t <div class=\"clearfix tabs page_margin_top_section\" data-interval=\"0\">\n\t\t\t<ul class=\"tabs_navigation clearfix\"><li><a href=\"#noinvasivos\">TRATAMIENTOS NO INVASIVOS<\/a><\/li><\/ul>\n\n\t\t\t \n\t\t\t<div id=\"noinvasivos\" class=\"wpb_tab\">\n\t\t\t\t <div class=\"clearfix tabs page_margin_top\" data-interval=\"0\">\n\t\t\t<ul class=\"tabs_navigation clearfix\"><li><a href=\"#noinvasivo1\">IPL<\/a><\/li><li><a href=\"#noinvasivo2\">MATRIX IR<\/a><\/li><\/ul>\n\n\t\t\t \n\t\t\t<div id=\"noinvasivo1\">\n\t\t\t\t <div class=\"wpb_row vc_row-fluid \"> \n\t<div class=\"vc_span8\">\n\t\t<div class=\"wpb_wrapper\">\n\t\t\t <h3 class=\"box_header page_margin_top\">Renovaci\u00f3n del Col\u00e1geno<\/h3> \n\t<div class=\"wpb_text_column wpb_content_element \">\n\t\t<div class=\"wpb_wrapper\">\n\t\t\t\n<p><strong>Mecanismo de acci\u00f3n:<\/strong><br \/>\nSe utilizan normalmente multipulsos de alta cantidad de energ\u00eda para producir un microda\u00f1o t\u00e9rmico en la uni\u00f3n dermoepid\u00e9rmica. Este microda\u00f1o t\u00e9rmico, desencadena luego una respuesta cicatrizal con producci\u00f3n de col\u00e1geno nuevo.<\/p>\n<p><strong>Procedimiento:<\/strong><br \/>\nSe realizan dos pasadas sobre el \u00e1rea a tratar, separadas de 10 minutos una de la otra y se prepara la piel de la misma manera que los casos anteriores. Las sesiones para rejuvenecimiento normalmente se separan unos 20 d\u00edas una de otra, para dejar tiempo a esta reacci\u00f3n cicatrizal y reposici\u00f3n paulatina de col\u00e1geno. Se recomiendan entre 4 y 6 sesiones y luego sesiones de mantenimiento 2 0 3 veces al a\u00f1o.<\/p>\n\n\t\t<\/div> \n\t<\/div>  <h3 class=\"box_header page_margin_top\">Telangiectasias<\/h3> \n\t<div class=\"wpb_text_column wpb_content_element \">\n\t\t<div class=\"wpb_wrapper\">\n\t\t\t\n<p><strong>Mecanismos de acci\u00f3n:<\/strong><br \/>\nEn este caso el crom\u00f3foro que atacamos es la hemoglobina que est\u00e1 en los capilares. Esta absorbe el calor y da\u00f1a el endotelio del capilar, desencadenando una respuesta cicatrizal y proliferaci\u00f3n endotelial con oclusi\u00f3n vascular. No creemos tener efecto coagulante con nuestra potencia. Se podr\u00e1n tratar s\u00f3lo peque\u00f1as telangiectasias superficiales.<\/p>\n\n\t\t<\/div> \n\t<\/div>  <h3 class=\"box_header page_margin_top\">Lesiones Pigmentadas<\/h3> \n\t<div class=\"wpb_text_column wpb_content_element \">\n\t\t<div class=\"wpb_wrapper\">\n\t\t\t\n<p><strong>Mecanismo de acci\u00f3n:<\/strong><br \/>\nEn estos casos, la aplicaci\u00f3n tiene como prop\u00f3sito que la misma sea absorbida por el crom\u00f3foro melanina. Esto hace que aumente la temperatura de estas c\u00e9lulas, se produce una desnaturalizaci\u00f3n de la melanina la que luego es eliminada por los macr\u00f3fagos y reemplazado por c\u00e9lulas nuevas.<br \/>\nEl objetivo es quemar estas manchas, inclusive a veces protegiendo con cobertores blancos la piel circundante pues no queremos da\u00f1arla y dejamos s\u00f3lo expuesta la lesi\u00f3n pigmentaria. Los resultados inmediatos deber\u00e1n ser cambios en la coloraci\u00f3n de la lesi\u00f3n y un enrojecimiento de la piel circundante. En los d\u00edas subsiguientes se deber\u00e1 formar una costra, la que al caer ir\u00e1 dejando la lesi\u00f3n pigmentaria m\u00e1s clara luego de cada sesi\u00f3n.<br \/>\nEl n\u00famero de sesiones es variable, algunas manchas desaparecen o se aclaran notablemente ya luego de la primera sesi\u00f3n, en otros casos son necesaria varias sesiones. En estos casos las sesiones pueden ser m\u00e1s frecuentes que el rejuvenecimiento, cada 10 o 15 d\u00edas.<\/p>\n\n\t\t<\/div> \n\t<\/div>  <h3 class=\"box_header page_margin_top\">Cuidados<\/h3> \n\t<div class=\"wpb_text_column wpb_content_element \">\n\t\t<div class=\"wpb_wrapper\">\n\t\t\t\n<p><strong>Antes y desp\u00faes del tratamiento:<\/strong><\/p>\n<p>El paciente debe acudir al tratamiento preferiblemente sin maquillaje o autobronceador en la zona donde se vaya a realizar el tratamiento. Acto seguido se coloca una peque\u00f1a cantidad de crema anest\u00e9sica para mayor comodidad de la sesi\u00f3n de tratamiento. Una vez act\u00faa \u00e9sta, se limpia la piel y se coloca un antifaz para protecci\u00f3n ocular, as\u00ed como un gel conductor. Acto seguido se realiza el tratamiento mediante luz, terminado el cual se limpia nuevamente la cara.El procedimiento se realiza sin necesidad de bajas laborales y en varias sesiones de aproximadamente 30 minutos.<\/p>\n<p>La Luz Pulsada Intensa nos da la oportunidad de rejuvenecer la piel, tratar lesiones vasculares benignas e incluso la posibilidad de atenuar o desaparecer manchas en la piel. Tambi\u00e9n se pueden tratar otras imperfecciones ya que se estimula el col\u00e1geno para conseguir una apariencia m\u00e1s juvenil.<\/p>\n<p>El tratamiento no es invasivo, se puede aplicar en la cara, cuello y manos.<\/p>\n<p>En poco tiempo se podr\u00e1 observar mejoras importantes en la textura y tonalidad de la piel, se atenuar\u00e1n o incluso desaparecer\u00e1n elementos que denotan envejecimiento tales como: manchas solares, arrugas, rugosidad, poros agrandados o venitas, incluso se puede utilizar para depilaci\u00f3n con resultados muy superiores a la depilaci\u00f3n l\u00e1ser.<\/p>\n<p>El haz de luz pulsada atraviesa las capas de la piel, sin alterar la misma para poder estimular dep\u00f3sitos de col\u00e1geno, para iniciar una acci\u00f3n\u00a0re generativa\u00a0sin precedentes. La epidermis recupera elasticidad natural, brillo y tersura. Todo esto aten\u00faa las expresiones de la edad tales como las arrugas.<\/p>\n<p>La gran ventaja de este sistema es la r\u00e1pida recuperaci\u00f3n y que resulta pr\u00e1cticamente indoloro.<\/p>\n<p>Las sesiones se repiten seg\u00fan indicaci\u00f3n del m\u00e9dico y los resultados se observan desde la primera sesi\u00f3n. Es recomendable realizar entre 4 y 6 sesiones<\/p>\n<p>Es recomendado utilizar protector solar 3 d\u00edas antes y 3 d\u00edas despu\u00e9s de su aplicaci\u00f3n.<\/p>\n<p>Despu\u00e9s de la aplicaci\u00f3n de la luz pulsada, \u00a0puede haber enrojecimiento en la zona tratada y hasta una leve descamaci\u00f3n.<\/p>\n\n\t\t<\/div> \n\t<\/div>  \n\t\t<\/div> \n\t<\/div> \n \n\t<div class=\"vc_span4\">\n\t\t<div class=\"wpb_wrapper\">\n\t\t\t <h3 class=\"box_header page_margin_top\">Aplicaciones:<\/h3> \n\t<div class=\"wpb_text_column wpb_content_element \">\n\t\t<div class=\"wpb_wrapper\">\n\t\t\t\n<p>&#8211; Manchas<br \/>\n&#8211; Arrugas<br \/>\n&#8211; Fotorejuvenecimiento<br \/>\n&#8211; Acn\u00e9<\/p>\n\n\t\t<\/div> \n\t<\/div>  \n\t<div class=\"wpb_text_column wpb_content_element \">\n\t\t<div class=\"wpb_wrapper\">\n\t\t\t\n<p><img loading=\"lazy\" decoding=\"async\" class=\"aligncenter size-full wp-image-2740\" src=\"https:\/\/velacenter.com\/web\/wp-content\/uploads\/2014\/01\/foto.jpg\" alt=\"foto\" width=\"258\" height=\"350\" srcset=\"https:\/\/velacenter.com\/web\/wp-content\/uploads\/2014\/01\/foto.jpg 258w, https:\/\/velacenter.com\/web\/wp-content\/uploads\/2014\/01\/foto-221x300.jpg 221w\" sizes=\"auto, (max-width: 258px) 100vw, 258px\" \/><\/p>\n\n\t\t<\/div> \n\t<\/div>  \n\t\t<\/div> \n\t<\/div> \n <\/div> \n\t\t\t<\/div>  \n\t\t\t<div id=\"noinvasivo2\">\n\t\t\t\t <div class=\"wpb_row vc_row-fluid \"> \n\t<div class=\"vc_span8\">\n\t\t<div class=\"wpb_wrapper\">\n\t\t\t \n\t<div class=\"wpb_raw_code wpb_content_element wpb_raw_html\">\n\t\t<div class=\"wpb_wrapper\">\n\t\t\t<br\/>\n\t\t<\/div> \n\t<\/div>  \n\t<div class=\"wpb_text_column wpb_content_element \">\n\t\t<div class=\"wpb_wrapper\">\n\t\t\t\n<p><img loading=\"lazy\" decoding=\"async\" class=\"alignleft size-full wp-image-2514\" src=\"https:\/\/velacenter.com\/web\/wp-content\/uploads\/2014\/01\/logo-matrixir.png\" alt=\"logo-matrixir\" width=\"250\" height=\"58\" \/>Con el paso de los a\u00f1os las sustancias naturales que mantienen la estructura y volumen de la piel disminuyen. La piel pierde su capacidad de retener humedad y elasticidad por lo que cae y da lugar a la formaci\u00f3n de arrugas.<br \/>\nIR Matrix combina energ\u00eda \u00d3ptica con Radiofrecuencia Bipolar que lleva el calor profundamente a la dermis para tratar eficazmente las arrugas.<\/p>\n\n\t\t<\/div> \n\t<\/div>  <div class=\"wpb_separator wpb_content_element \"><\/div>\n <div class=\"clearfix page_margin_top\">\r\n\t\t\t<div class=\"header_left\"><h3 class=\"box_header\">El Equipo<\/h3><\/div>\r\n\t\t\t<div class=\"header_right\"><a href=\"#\" id=\"carousel51_prev\" class=\"scrolling_list_control_left icon_small_arrow left_black\"><\/a><a href=\"#\" id=\"carousel51_next\" class=\"scrolling_list_control_right icon_small_arrow right_black\"><\/a><\/div><\/div>\r\n\t\t\t<ul class=\"mc_gallery horizontal_carousel carousel51 id-carousel51 autoplay-1 pause_on_hover-0 scroll-1 effect-scroll easing-swing duration-500\"><li class=\"gallery_box\"><img loading=\"lazy\" decoding=\"async\" width=\"225\" height=\"150\" src=\"https:\/\/velacenter.com\/web\/wp-content\/uploads\/2014\/01\/MatrixIR_Treatment_Upper-Lip.288115652_std-225x150.jpg?wsr\" class=\"attachment-medicenter-gallery-thumb-type-2 size-medicenter-gallery-thumb-type-2\" alt=\"\" \/><ul class=\"controls\">\r\n\t\t\t\t<li>\r\n\t\t\t\t\t<a href=\"https:\/\/velacenter.com\/web\/wp-content\/uploads\/2014\/01\/MatrixIR_Treatment_Upper-Lip.288115652_std.jpg\" class=\"fancybox open_lightbox\" rel=\"carouselcarousel51\" style=\"background-image: url('https:\/\/velacenter.com\/web\/wp-content\/themes\/velacenter\/images\/icons_media\/blue_light\/image.png')\"><\/a>\r\n\t\t\t\t<\/li>\r\n\t\t\t<\/ul>\r\n\t\t<\/li><li class=\"gallery_box\"><img loading=\"lazy\" decoding=\"async\" width=\"225\" height=\"150\" src=\"https:\/\/velacenter.com\/web\/wp-content\/uploads\/2014\/01\/Sin-t\u00edtulo-22-225x150.jpg?wsr\" class=\"attachment-medicenter-gallery-thumb-type-2 size-medicenter-gallery-thumb-type-2\" alt=\"\" \/><ul class=\"controls\">\r\n\t\t\t\t<li>\r\n\t\t\t\t\t<a href=\"https:\/\/velacenter.com\/web\/wp-content\/uploads\/2014\/01\/Sin-t\u00edtulo-22.jpg\" class=\"fancybox open_lightbox\" rel=\"carouselcarousel51\" style=\"background-image: url('https:\/\/velacenter.com\/web\/wp-content\/themes\/velacenter\/images\/icons_media\/blue_light\/image.png')\"><\/a>\r\n\t\t\t\t<\/li>\r\n\t\t\t<\/ul>\r\n\t\t<\/li><li class=\"gallery_box\"><img loading=\"lazy\" decoding=\"async\" width=\"225\" height=\"150\" src=\"https:\/\/velacenter.com\/web\/wp-content\/uploads\/2014\/01\/Matrix-DS_illus2-225x150.jpg?wsr\" class=\"attachment-medicenter-gallery-thumb-type-2 size-medicenter-gallery-thumb-type-2\" alt=\"\" \/><ul class=\"controls\">\r\n\t\t\t\t<li>\r\n\t\t\t\t\t<a href=\"https:\/\/velacenter.com\/web\/wp-content\/uploads\/2014\/01\/Matrix-DS_illus2.jpg\" class=\"fancybox open_lightbox\" rel=\"carouselcarousel51\" style=\"background-image: url('https:\/\/velacenter.com\/web\/wp-content\/themes\/velacenter\/images\/icons_media\/blue_light\/image.png')\"><\/a>\r\n\t\t\t\t<\/li>\r\n\t\t\t<\/ul>\r\n\t\t<\/li><li class=\"gallery_box\"><img loading=\"lazy\" decoding=\"async\" width=\"225\" height=\"150\" src=\"https:\/\/velacenter.com\/web\/wp-content\/uploads\/2014\/01\/Sin-t\u00edtulo-21-225x150.jpg?wsr\" class=\"attachment-medicenter-gallery-thumb-type-2 size-medicenter-gallery-thumb-type-2\" alt=\"\" \/><ul class=\"controls\">\r\n\t\t\t\t<li>\r\n\t\t\t\t\t<a href=\"https:\/\/velacenter.com\/web\/wp-content\/uploads\/2014\/01\/Sin-t\u00edtulo-21.jpg\" class=\"fancybox open_lightbox\" rel=\"carouselcarousel51\" style=\"background-image: url('https:\/\/velacenter.com\/web\/wp-content\/themes\/velacenter\/images\/icons_media\/blue_light\/image.png')\"><\/a>\r\n\t\t\t\t<\/li>\r\n\t\t\t<\/ul>\r\n\t\t<\/li><li class=\"gallery_box\"><img loading=\"lazy\" decoding=\"async\" width=\"225\" height=\"150\" src=\"https:\/\/velacenter.com\/web\/wp-content\/uploads\/2014\/01\/1486913-225x150.jpg?wsr\" class=\"attachment-medicenter-gallery-thumb-type-2 size-medicenter-gallery-thumb-type-2\" alt=\"\" srcset=\"https:\/\/velacenter.com\/web\/wp-content\/uploads\/2014\/01\/1486913-225x150.jpg 225w, https:\/\/velacenter.com\/web\/wp-content\/uploads\/2014\/01\/1486913-300x199.jpg 300w, https:\/\/velacenter.com\/web\/wp-content\/uploads\/2014\/01\/1486913.jpg 470w\" sizes=\"auto, (max-width: 225px) 100vw, 225px\" \/><ul class=\"controls\">\r\n\t\t\t\t<li>\r\n\t\t\t\t\t<a href=\"https:\/\/velacenter.com\/web\/wp-content\/uploads\/2014\/01\/1486913.jpg\" class=\"fancybox open_lightbox\" rel=\"carouselcarousel51\" style=\"background-image: url('https:\/\/velacenter.com\/web\/wp-content\/themes\/velacenter\/images\/icons_media\/blue_light\/image.png')\"><\/a>\r\n\t\t\t\t<\/li>\r\n\t\t\t<\/ul>\r\n\t\t<\/li><\/ul> \n\t<div class=\"wpb_text_column wpb_content_element \">\n\t\t<div class=\"wpb_wrapper\">\n\t\t\t\n<p>IR Matrix es un tratamiento que permite recuperar la juventud de tu rostro sin tiempo de inactividad.<br \/>\nIR Matrix combina la energ\u00eda \u00d3ptica y la Radiofrecuencia Bipolar de manera eficaz y trata cuidadosamente las arrugas devolviendo a tu rostro la elasticidad perdida.<br \/>\nEs la revoluci\u00f3n en est\u00e9tica para el tratamiento de arrugas. Es un tratamiento no invasivo que no requiere inyecciones. El l\u00e1ser estimula el col\u00e1geno propio del paciente para regenerar de manera natural generando resultados de larga duraci\u00f3n.<\/p>\n\n\t\t<\/div> \n\t<\/div>  <h3 class=\"box_header page_margin_top\">Que resultados puedo esperar?<\/h3> \n\t<div class=\"wpb_text_column wpb_content_element \">\n\t\t<div class=\"wpb_wrapper\">\n\t\t\t\n<p>La mayor\u00eda de los pacientes nota una mejor\u00eda de las arrugas entre la 2 o 3 sesiones de tratamiento. Otros se ven mejor inclusive despu\u00e9s de la primera sesi\u00f3n. El n\u00famero total de sesiones necesarias depende de la condici\u00f3n de la piel de cada paciente.<br \/>\nLa mayor\u00eda de los pacientes toleran f\u00e1cilmente el tratamiento que es acompa\u00f1ado por un constante tratamiento de enfriado de la zona que protege la superficie de la piel. Solo se siente una leve sensaci\u00f3n de calor sobre la zona a tratar. Los pacientes pueden regresar a sus actividades inmediatamente despu\u00e9s del tratamiento.<\/p>\n\n\t\t<\/div> \n\t<\/div>  <div class=\"clearfix page_margin_top\">\r\n\t\t\t<div class=\"header_left\"><h3 class=\"box_header\">Antes y Despu\u00e9s<\/h3><\/div>\r\n\t\t\t<div class=\"header_right\"><a href=\"#\" id=\"carousel52_prev\" class=\"scrolling_list_control_left icon_small_arrow left_black\"><\/a><a href=\"#\" id=\"carousel52_next\" class=\"scrolling_list_control_right icon_small_arrow right_black\"><\/a><\/div><\/div>\r\n\t\t\t<ul class=\"mc_gallery horizontal_carousel carousel52 id-carousel52 autoplay-1 pause_on_hover-0 scroll-1 effect-scroll easing-swing duration-500\"><li class=\"gallery_box\"><img loading=\"lazy\" decoding=\"async\" width=\"225\" height=\"150\" src=\"https:\/\/velacenter.com\/web\/wp-content\/uploads\/2014\/01\/descarga-1-225x150.jpg?wsr\" class=\"attachment-medicenter-gallery-thumb-type-2 size-medicenter-gallery-thumb-type-2\" alt=\"\" \/><ul class=\"controls\">\r\n\t\t\t\t<li>\r\n\t\t\t\t\t<a href=\"https:\/\/velacenter.com\/web\/wp-content\/uploads\/2014\/01\/descarga-1.jpg\" class=\"fancybox open_lightbox\" rel=\"carouselcarousel52\" style=\"background-image: url('https:\/\/velacenter.com\/web\/wp-content\/themes\/velacenter\/images\/icons_media\/blue_light\/image.png')\"><\/a>\r\n\t\t\t\t<\/li>\r\n\t\t\t<\/ul>\r\n\t\t<\/li><li class=\"gallery_box\"><img loading=\"lazy\" decoding=\"async\" width=\"225\" height=\"150\" src=\"https:\/\/velacenter.com\/web\/wp-content\/uploads\/2014\/01\/descarga-225x150.jpg?wsr\" class=\"attachment-medicenter-gallery-thumb-type-2 size-medicenter-gallery-thumb-type-2\" alt=\"\" \/><ul class=\"controls\">\r\n\t\t\t\t<li>\r\n\t\t\t\t\t<a href=\"https:\/\/velacenter.com\/web\/wp-content\/uploads\/2014\/01\/descarga.jpg\" class=\"fancybox open_lightbox\" rel=\"carouselcarousel52\" style=\"background-image: url('https:\/\/velacenter.com\/web\/wp-content\/themes\/velacenter\/images\/icons_media\/blue_light\/image.png')\"><\/a>\r\n\t\t\t\t<\/li>\r\n\t\t\t<\/ul>\r\n\t\t<\/li><li class=\"gallery_box\"><img loading=\"lazy\" decoding=\"async\" width=\"225\" height=\"150\" src=\"https:\/\/velacenter.com\/web\/wp-content\/uploads\/2014\/01\/triniti02-225x150.jpg?wsr\" class=\"attachment-medicenter-gallery-thumb-type-2 size-medicenter-gallery-thumb-type-2\" alt=\"\" \/><ul class=\"controls\">\r\n\t\t\t\t<li>\r\n\t\t\t\t\t<a href=\"https:\/\/velacenter.com\/web\/wp-content\/uploads\/2014\/01\/triniti02.jpg\" class=\"fancybox open_lightbox\" rel=\"carouselcarousel52\" style=\"background-image: url('https:\/\/velacenter.com\/web\/wp-content\/themes\/velacenter\/images\/icons_media\/blue_light\/image.png')\"><\/a>\r\n\t\t\t\t<\/li>\r\n\t\t\t<\/ul>\r\n\t\t<\/li><li class=\"gallery_box\"><img loading=\"lazy\" decoding=\"async\" width=\"225\" height=\"150\" src=\"https:\/\/velacenter.com\/web\/wp-content\/uploads\/2014\/01\/Shieh-MatrixIR-B-A-225x150.jpg?wsr\" class=\"attachment-medicenter-gallery-thumb-type-2 size-medicenter-gallery-thumb-type-2\" alt=\"\" \/><ul class=\"controls\">\r\n\t\t\t\t<li>\r\n\t\t\t\t\t<a href=\"https:\/\/velacenter.com\/web\/wp-content\/uploads\/2014\/01\/Shieh-MatrixIR-B-A.jpg\" class=\"fancybox open_lightbox\" rel=\"carouselcarousel52\" style=\"background-image: url('https:\/\/velacenter.com\/web\/wp-content\/themes\/velacenter\/images\/icons_media\/blue_light\/image.png')\"><\/a>\r\n\t\t\t\t<\/li>\r\n\t\t\t<\/ul>\r\n\t\t<\/li><li class=\"gallery_box\"><img loading=\"lazy\" decoding=\"async\" width=\"225\" height=\"150\" src=\"https:\/\/velacenter.com\/web\/wp-content\/uploads\/2014\/01\/images1-225x150.jpg?wsr\" class=\"attachment-medicenter-gallery-thumb-type-2 size-medicenter-gallery-thumb-type-2\" alt=\"\" \/><ul class=\"controls\">\r\n\t\t\t\t<li>\r\n\t\t\t\t\t<a href=\"https:\/\/velacenter.com\/web\/wp-content\/uploads\/2014\/01\/images1.jpg\" class=\"fancybox open_lightbox\" rel=\"carouselcarousel52\" style=\"background-image: url('https:\/\/velacenter.com\/web\/wp-content\/themes\/velacenter\/images\/icons_media\/blue_light\/image.png')\"><\/a>\r\n\t\t\t\t<\/li>\r\n\t\t\t<\/ul>\r\n\t\t<\/li><\/ul> \n\t\t<\/div> \n\t<\/div> \n \n\t<div class=\"vc_span4\">\n\t\t<div class=\"wpb_wrapper\">\n\t\t\t <h3 class=\"box_header page_margin_top\">IR atrix<\/h3> \n\t<div class=\"wpb_raw_code wpb_content_element wpb_raw_html\">\n\t\t<div class=\"wpb_wrapper\">\n\t\t\t<br\/>\n\t\t<\/div> \n\t<\/div>  \n\t<div class=\"wpb_video_widget wpb_content_element\">\n\t\t<div class=\"wpb_wrapper\"><div class=\"wpb_video_wrapper\"><iframe loading=\"lazy\" title=\"Matrix IR\" width=\"500\" height=\"375\" src=\"https:\/\/www.youtube.com\/embed\/v8hlrzGCkTc?feature=oembed\" frameborder=\"0\" allow=\"accelerometer; autoplay; clipboard-write; encrypted-media; gyroscope; picture-in-picture; web-share\" referrerpolicy=\"strict-origin-when-cross-origin\" allowfullscreen><\/iframe><\/div>\n\t\t<\/div> \n\t<\/div>  <h3 class=\"box_header page_margin_top\">Ideal para tratar:<\/h3> \n\t<div class=\"wpb_text_column wpb_content_element \">\n\t\t<div class=\"wpb_wrapper\">\n\t\t\t\n<p>&#8211; Ce\u00f1o Fruncido<br \/>\n&#8211; L\u00edneas de la frente<br \/>\n&#8211; Arrugas en el contorno de los ojos<br \/>\n&#8211; Pliegues nasolabiales<br \/>\n&#8211; Arrugas alrededor de los labios<br \/>\nVas a verte tan joven como te sentis!<br \/>\nRefresca la apariencia en el \u00e1rea de las mejillas y ojos.<br \/>\nTrata las l\u00edneas alrededor de la nariz y la boca.<\/p>\n\n\t\t<\/div> \n\t<\/div>  \n\t<div class=\"wpb_text_column wpb_content_element \">\n\t\t<div class=\"wpb_wrapper\">\n\t\t\t\n<p><img loading=\"lazy\" decoding=\"async\" class=\"aligncenter size-full wp-image-2531\" src=\"https:\/\/velacenter.com\/web\/wp-content\/uploads\/2014\/01\/eMax_0.png\" alt=\"eMax_0\" width=\"99\" height=\"226\" \/><\/p>\n\n\t\t<\/div> \n\t<\/div>  \n\t\t<\/div> \n\t<\/div> \n <\/div> \n\t\t\t<\/div>  \n\t\t<\/div> \n\t\t\t<\/div>  \n\t\t<\/div> \n\t\t<\/div> \n\t<\/div> \n <\/div> <div class=\"wpb_row vc_row-fluid  page_margin_top\"> \n\t<div class=\"vc_span12 wpb_column column_container\">\n\t\t<div class=\"wpb_wrapper\">\n\t\t\t <div class=\"announcement clearfix\">\n\t\t\t\t\t<ul class=\"columns no_width\">\n\t\t\t\t\t\t<li class=\"column_left\"><h1>Consultanos hoy sobre estos tratamientos!<\/h3>\n<p>Comunicate a los Tel: +54 341 15564-1577 \/ 15319-2126 o por e-mail a\u00a0<a href=\"mailto:info@velacenter.com\">info@velacenter.com<\/a><\/p>\n\n<\/li><li class=\"column_right\">\n\t\t\t\t\t\t<div class=\"vertical_align\">\n\t\t\t\t\t\t\t<div class=\"vertical_align_cell\">\n\t\t\t\t\t\t\t\t<a style=\"background-color:#3156a3;border-color:#3156a3;color:#FFFFFF;\" onMouseOver=\"this.style.backgroundColor='#42b3e5';this.style.borderColor='#42b3e5';this.style.color='#FFFFFF';\" onMouseOut=\"this.style.backgroundColor='#3156a3';this.style.borderColor='#3156a3';this.style.color='#FFFFFF';\" title=\"DEJANOS TU CONSULTA!\" href=\"https:\/\/velacenter.com\/web\/contacto\/\" class=\"more mc_button medium\">DEJANOS TU CONSULTA!<\/a>\n\t\t\t\t\t\t\t<\/div>\n\t\t\t\t\t\t<\/div>\n\t\t\t\t\t<\/li><\/ul>\n\t\t\t<\/div> \n\t\t<\/div> \n\t<\/div> \n <\/div>\n","protected":false},"excerpt":{"rendered":"TRATAMIENTOS NO INVASIVOS IPLMATRIX IR Renovaci\u00f3n del Col\u00e1geno Mecanismo de acci\u00f3n: Se utilizan normalmente multipulsos de alta cantidad de energ\u00eda para producir un microda\u00f1o t\u00e9rmico en la uni\u00f3n dermoepid\u00e9rmica. Este microda\u00f1o t\u00e9rmico, desencadena luego una respuesta cicatrizal con producci\u00f3n de col\u00e1geno nuevo. Procedimiento: Se realizan dos pasadas sobre el \u00e1rea a tratar, separadas de 10","protected":false},"author":3,"featured_media":0,"parent":0,"menu_order":0,"comment_status":"open","ping_status":"closed","template":"","meta":{"footnotes":""},"class_list":["post-2631","page","type-page","status-publish","hentry"],"_links":{"self":[{"href":"https:\/\/velacenter.com\/web\/wp-json\/wp\/v2\/pages\/2631","targetHints":{"allow":["GET"]}}],"collection":[{"href":"https:\/\/velacenter.com\/web\/wp-json\/wp\/v2\/pages"}],"about":[{"href":"https:\/\/velacenter.com\/web\/wp-json\/wp\/v2\/types\/page"}],"author":[{"embeddable":true,"href":"https:\/\/velacenter.com\/web\/wp-json\/wp\/v2\/users\/3"}],"replies":[{"embeddable":true,"href":"https:\/\/velacenter.com\/web\/wp-json\/wp\/v2\/comments?post=2631"}],"version-history":[{"count":0,"href":"https:\/\/velacenter.com\/web\/wp-json\/wp\/v2\/pages\/2631\/revisions"}],"wp:attachment":[{"href":"https:\/\/velacenter.com\/web\/wp-json\/wp\/v2\/media?parent=2631"}],"curies":[{"name":"wp","href":"https:\/\/api.w.org\/{rel}","templated":true}]}}