{"id":2635,"date":"2014-01-27T03:12:04","date_gmt":"2014-01-27T03:12:04","guid":{"rendered":"https:\/\/velacenter.com\/web\/?page_id=2635"},"modified":"2020-10-06T13:58:18","modified_gmt":"2020-10-06T13:58:18","slug":"hiperhidrosis","status":"publish","type":"page","link":"https:\/\/velacenter.com\/web\/hiperhidrosis\/","title":{"rendered":"Hiperhidrosis"},"content":{"rendered":"<div class=\"wpb_row vc_row-fluid \"> \n\t<div class=\"vc_span8 wpb_column column_container\">\n\t\t<div class=\"wpb_wrapper\">\n\t\t\t \n\t<div class=\"wpb_text_column wpb_content_element \">\n\t\t<div class=\"wpb_wrapper\">\n\t\t\t\n<p><strong>La Toxina Botul\u00ednica trata todas las marcas incluso las del sudor.<\/strong><\/p>\n\n\t\t<\/div> \n\t<\/div>  <h3 class=\"box_header page_margin_top\">Acerca de la Hiperhidrosis<\/h3> \n\t<div class=\"wpb_text_column wpb_content_element \">\n\t\t<div class=\"wpb_wrapper\">\n\t\t\t\n<p>La transpiraci\u00f3n es el medio m\u00e1s efectivo para que los seres humanos regulen la temperatura corporal. Cuando la liberaci\u00f3n de sudor supera la necesidad termorreguladora del organismo, nos encontramos ante la Hiperhidrosis.<br \/>\nSus causas no se comprenden totalmente, pero se sabe que resulta en una hiperestimulaci\u00f3n de las gl\u00e1ndulas sudor\u00edparas y por consiguiente de la producci\u00f3n excesiva de sudor.<br \/>\nEs una condici\u00f3n cl\u00ednica con impacto directo sobre la calidad de vida, y representa una incomodidad o falta de confort que puede interferir en las actividades diarias y en las relaciones sociales y profesionales.<\/p>\n\n\t\t<\/div> \n\t<\/div>  <h3 class=\"box_header page_margin_top\">La Hiperhidrosis tiene tratamiento<\/h3> \n\t<div class=\"wpb_text_column wpb_content_element \">\n\t\t<div class=\"wpb_wrapper\">\n\t\t\t\n<p>Las gl\u00e1ndulas sudor\u00edparas, responsables de la liberaci\u00f3n de sudor, reciben el est\u00edmulo de una sustancia llamada acetilcolina.<br \/>\nLa toxina botul\u00ednica impide la liberaci\u00f3n temporal de la acetilcolina y consecuentemente, la producci\u00f3n de sudor.<br \/>\nEste tratamiento se considera un procedimiento r\u00e1pido, seguro, eficaz y con escasos efectos secundarios.<br \/>\nEn las axilas, el tratamiento se lleva a cabo por medio de una t\u00e9cnica sencilla, r\u00e1pida y pr\u00e1cticamente indolora. La duraci\u00f3n promedio del efecto en la regi\u00f3n varia entre los 4 y 10 meses, dependiendo de la dosis y de la t\u00e9cnica de aplicaci\u00f3n.<br \/>\nEn la palma de las manos, puede ser necesario aplicar anestesia local, y la duraci\u00f3n promedio del efecto terap\u00e9utico es de 6 meses aprox.<br \/>\nLos estudios comprueban que la reducci\u00f3n del sudor observada en los pacientes genera un alto grado de satisfacci\u00f3n con el tratamiento.<\/p>\n\n\t\t<\/div> \n\t<\/div>  \n\t\t<\/div> \n\t<\/div> \n \n\t<div class=\"vc_span4 wpb_column column_container\">\n\t\t<div class=\"wpb_wrapper\">\n\t\t\t \n\t<div class=\"wpb_text_column wpb_content_element \">\n\t\t<div class=\"wpb_wrapper\">\n\t\t\t\n<p><img loading=\"lazy\" decoding=\"async\" class=\"aligncenter size-full wp-image-2731\" src=\"https:\/\/velacenter.com\/web\/wp-content\/uploads\/2014\/01\/botox-logo.png\" alt=\"botox-logo\" width=\"300\" height=\"103\" \/><\/p>\n\n\t\t<\/div> \n\t<\/div>  <h3 class=\"box_header page_margin_top\">Impacto en la calidad de vida<\/h3> \n\t<div class=\"wpb_text_column wpb_content_element \">\n\t\t<div class=\"wpb_wrapper\">\n\t\t\t\n<p>Seg\u00fan una encuesta internacional el 2,8% de la poblaci\u00f3n padece alg\u00fan tipo de Hiperhidrosis, cuyo s\u00edntomas iniciales suelen manifestarse durante la adolescencia.<br \/>\nLas \u00e1reas m\u00e1s com\u00fanmente afectadas son las axilas, la palma de las manos y la planta de los pies.<br \/>\nEl tratamiento mejora la calidad de vida aumentando la autoestima y devolviendo a los pacientes la confianza lo que se refleja en una mejora en las relaciones tanto laborales como personales.<\/p>\n\n\t\t<\/div> \n\t<\/div>  \n\t<div class=\"wpb_text_column wpb_content_element \">\n\t\t<div class=\"wpb_wrapper\">\n\t\t\t\n<p><img loading=\"lazy\" decoding=\"async\" class=\"aligncenter size-full wp-image-2732\" src=\"https:\/\/velacenter.com\/web\/wp-content\/uploads\/2014\/01\/botox.jpg\" alt=\"botox\" width=\"276\" height=\"314\" srcset=\"https:\/\/velacenter.com\/web\/wp-content\/uploads\/2014\/01\/botox.jpg 276w, https:\/\/velacenter.com\/web\/wp-content\/uploads\/2014\/01\/botox-263x300.jpg 263w\" sizes=\"auto, (max-width: 276px) 100vw, 276px\" \/><\/p>\n\n\t\t<\/div> \n\t<\/div>  \n\t\t<\/div> \n\t<\/div> \n <\/div> <div class=\"wpb_row vc_row-fluid  page_margin_top\"> \n\t<div class=\"vc_span12 wpb_column column_container\">\n\t\t<div class=\"wpb_wrapper\">\n\t\t\t <div class=\"announcement clearfix\">\n\t\t\t\t\t<ul class=\"columns no_width\">\n\t\t\t\t\t\t<li class=\"column_left\"><h1>Consultanos hoy sobre estos tratamientos!<\/h3>\n<p>Comunicate a los Tel: +54 341 15564-1577 \/ 15319-2126 o por e-mail a\u00a0<a href=\"mailto:info@velacenter.com\">info@velacenter.com<\/a><\/p>\n\n<\/li><li class=\"column_right\">\n\t\t\t\t\t\t<div class=\"vertical_align\">\n\t\t\t\t\t\t\t<div class=\"vertical_align_cell\">\n\t\t\t\t\t\t\t\t<a style=\"background-color:#3156a3;border-color:#3156a3;color:#FFFFFF;\" onMouseOver=\"this.style.backgroundColor='#42b3e5';this.style.borderColor='#42b3e5';this.style.color='#FFFFFF';\" onMouseOut=\"this.style.backgroundColor='#3156a3';this.style.borderColor='#3156a3';this.style.color='#FFFFFF';\" title=\"DEJANOS TU CONSULTA!\" href=\"https:\/\/velacenter.com\/web\/contacto\/\" class=\"more mc_button medium\">DEJANOS TU CONSULTA!<\/a>\n\t\t\t\t\t\t\t<\/div>\n\t\t\t\t\t\t<\/div>\n\t\t\t\t\t<\/li><\/ul>\n\t\t\t<\/div> \n\t\t<\/div> \n\t<\/div> \n <\/div>\n","protected":false},"excerpt":{"rendered":"La Toxina Botul\u00ednica trata todas las marcas incluso las del sudor. Acerca de la Hiperhidrosis La transpiraci\u00f3n es el medio m\u00e1s efectivo para que los seres humanos regulen la temperatura corporal. Cuando la liberaci\u00f3n de sudor supera la necesidad termorreguladora del organismo, nos encontramos ante la Hiperhidrosis. Sus causas no se comprenden totalmente, pero se","protected":false},"author":3,"featured_media":0,"parent":0,"menu_order":0,"comment_status":"open","ping_status":"open","template":"","meta":{"footnotes":""},"class_list":["post-2635","page","type-page","status-publish","hentry"],"_links":{"self":[{"href":"https:\/\/velacenter.com\/web\/wp-json\/wp\/v2\/pages\/2635","targetHints":{"allow":["GET"]}}],"collection":[{"href":"https:\/\/velacenter.com\/web\/wp-json\/wp\/v2\/pages"}],"about":[{"href":"https:\/\/velacenter.com\/web\/wp-json\/wp\/v2\/types\/page"}],"author":[{"embeddable":true,"href":"https:\/\/velacenter.com\/web\/wp-json\/wp\/v2\/users\/3"}],"replies":[{"embeddable":true,"href":"https:\/\/velacenter.com\/web\/wp-json\/wp\/v2\/comments?post=2635"}],"version-history":[{"count":0,"href":"https:\/\/velacenter.com\/web\/wp-json\/wp\/v2\/pages\/2635\/revisions"}],"wp:attachment":[{"href":"https:\/\/velacenter.com\/web\/wp-json\/wp\/v2\/media?parent=2635"}],"curies":[{"name":"wp","href":"https:\/\/api.w.org\/{rel}","templated":true}]}}