{"id":2637,"date":"2014-01-27T03:12:21","date_gmt":"2014-01-27T03:12:21","guid":{"rendered":"https:\/\/velacenter.com\/web\/?page_id=2637"},"modified":"2020-10-06T13:58:31","modified_gmt":"2020-10-06T13:58:31","slug":"lunares-y-verrugas","status":"publish","type":"page","link":"https:\/\/velacenter.com\/web\/lunares-y-verrugas\/","title":{"rendered":"Lunares y Verrugas"},"content":{"rendered":"<div class=\"wpb_row vc_row-fluid \"> \n\t<div class=\"vc_span12 wpb_column column_container\">\n\t\t<div class=\"wpb_wrapper\">\n\t\t\t <div class=\"clearfix tabs page_margin_top_section\" data-interval=\"0\">\n\t\t\t<ul class=\"tabs_navigation clearfix\"><li><a href=\"#noinvasivos\">TRATAMIENTOS<\/a><\/li><\/ul>\n\n\t\t\t \n\t\t\t<div id=\"noinvasivos\" class=\"wpb_tab\">\n\t\t\t\t <div class=\"clearfix tabs page_margin_top\" data-interval=\"0\">\n\t\t\t<ul class=\"tabs_navigation clearfix\"><li><a href=\"#noinvasivo1\">L\u00c1SER<\/a><\/li><li><a href=\"#noinvasivo2\">MICROCIRUG\u00cdA<\/a><\/li><li><a href=\"#noinvasivo3\">CRIOCIRUG\u00cdA<\/a><\/li><\/ul>\n\n\t\t\t \n\t\t\t<div id=\"noinvasivo1\">\n\t\t\t\t <div class=\"wpb_row vc_row-fluid \"> \n\t<div class=\"vc_span8\">\n\t\t<div class=\"wpb_wrapper\">\n\t\t\t <h3 class=\"box_header page_margin_top\">Tratamiento de Lunares con L\u00e1ser<\/h3> \n\t<div class=\"wpb_text_column wpb_content_element \">\n\t\t<div class=\"wpb_wrapper\">\n\t\t\t\n<p>La remoci\u00f3n de lunares con l\u00e1ser implica la aplicaci\u00f3n de energ\u00eda de luz l\u00e1ser en el \u00e1rea tratada. La energ\u00eda de la luz del l\u00e1ser es absorbida s\u00f3lo por el pigmento en la piel. El pigmento se rompe y luego el cuerpo lo quita y lo absorbe durante el proceso de curaci\u00f3n.<br \/>\nLa mayor\u00eda pueden ser removidos con 3 sesiones de remoci\u00f3n.<br \/>\nNo genera cicatrices.<\/p>\n\n\t\t<\/div> \n\t<\/div>  <h3 class=\"box_header page_margin_top\">Tratamiento de Verrugas con L\u00e1ser<\/h3> \n\t<div class=\"wpb_text_column wpb_content_element \">\n\t\t<div class=\"wpb_wrapper\">\n\t\t\t\n<p>La cirug\u00eda por l\u00e1ser usa un haz de luz intenso para quemar y destruir el tejido de la verruga. Puede usarse anestesia local o general. La cirug\u00eda por l\u00e1ser puede utilizarse cuando las verrugas son grandes o est\u00e1n extendidas. La cirug\u00eda por l\u00e1ser no causa normalmente ninguna cicatriz. La herida ser\u00e1 dolorosa durante unos d\u00edas y hay un ligero riesgo de infecci\u00f3n asociada con la cirug\u00eda por l\u00e1ser.<br \/>\nLa verruga es una peque\u00f1a levadura cut\u00e1nea, dura y rugosa, que se localiza principalmente en la piel de las manos o del rostro. Las verrugas son causadas por una infecci\u00f3n viral de las c\u00e9lulas que residen en la capa superficial de la piel. El nombre del virus que produce la verruga es el virus del papiloma humano.<\/p>\n\n\t\t<\/div> \n\t<\/div>  \n\t\t<\/div> \n\t<\/div> \n \n\t<div class=\"vc_span4\">\n\t\t<div class=\"wpb_wrapper\">\n\t\t\t \n\t<div class=\"wpb_text_column wpb_content_element \">\n\t\t<div class=\"wpb_wrapper\">\n\t\t\t\n<p><img loading=\"lazy\" decoding=\"async\" class=\"aligncenter size-full wp-image-2768\" src=\"https:\/\/velacenter.com\/web\/wp-content\/uploads\/2014\/01\/lunares.jpg\" alt=\"lunares\" width=\"275\" height=\"351\" srcset=\"https:\/\/velacenter.com\/web\/wp-content\/uploads\/2014\/01\/lunares.jpg 275w, https:\/\/velacenter.com\/web\/wp-content\/uploads\/2014\/01\/lunares-235x300.jpg 235w\" sizes=\"auto, (max-width: 275px) 100vw, 275px\" \/><\/p>\n\n\t\t<\/div> \n\t<\/div>  \n\t\t<\/div> \n\t<\/div> \n <\/div> \n\t\t\t<\/div>  \n\t\t\t<div id=\"noinvasivo2\">\n\t\t\t\t <div class=\"wpb_row vc_row-fluid \"> \n\t<div class=\"vc_span8\">\n\t\t<div class=\"wpb_wrapper\">\n\t\t\t <h3 class=\"box_header page_margin_top\">Tratamiento de extracci\u00f3n de lunares<\/h3> \n\t<div class=\"wpb_text_column wpb_content_element \">\n\t\t<div class=\"wpb_wrapper\">\n\t\t\t\n<p>Se utilizan tres m\u00e9todos quir\u00fargicos para extraer los lunares: la escisi\u00f3n tangencial (afeitado), la biopsia por punci\u00f3n y la cirug\u00eda por escisi\u00f3n.<\/p>\n<p>-La escisi\u00f3n tangencial (por afeitado) se utiliza para los lunares que se elevan sobre la piel. En el procedimiento de afeitado, el m\u00e9dico aplicar\u00e1 anestesia local en el \u00e1rea que rodea al lunar y utilizar\u00e1 un escalpelo peque\u00f1o y afilado para afeitar la superficie del lunar de modo tal que se nivele con la piel circundante.<br \/>\n-En la t\u00e9cnica de la biopsia por punci\u00f3n, utilizada normalmente para lunares cut\u00e1neos m\u00e1s peque\u00f1os, se utiliza un dispositivo especial para extraer un trozo cil\u00edndrico de piel.<br \/>\n-Los lunares cut\u00e1neos planos o malignos normalmente se extraen con cirug\u00eda escicional, en la que el cirujano extrae el lunar completo y cierra la herida con puntos.<\/p>\n\n\t\t<\/div> \n\t<\/div>  <h3 class=\"box_header page_margin_top\">Tratamiento quir\u00fargico de verrugas<\/h3> \n\t<div class=\"wpb_text_column wpb_content_element \">\n\t\t<div class=\"wpb_wrapper\">\n\t\t\t\n<p>Eliminar la verruga en una sola sesi\u00f3n con un microbistur\u00ed. Es un m\u00e9todo sencillo, r\u00e1pido y no doloroso. Se realiza con anestesia local en el consultorio, dura diez minutos y no requiere puntos de sutura. Tiene la ventaja que permite el an\u00e1lisis microsc\u00f3pico de la verruga a diferencia del resto de los tratamientos.<\/p>\n\n\t\t<\/div> \n\t<\/div>  \n\t\t<\/div> \n\t<\/div> \n \n\t<div class=\"vc_span4\">\n\t\t<div class=\"wpb_wrapper\">\n\t\t\t \n\t<div class=\"wpb_text_column wpb_content_element \">\n\t\t<div class=\"wpb_wrapper\">\n\t\t\t\n<p><img loading=\"lazy\" decoding=\"async\" class=\"aligncenter size-full wp-image-2769\" src=\"https:\/\/velacenter.com\/web\/wp-content\/uploads\/2014\/01\/verrugas.jpg\" alt=\"verrugas\" width=\"206\" height=\"240\" \/><\/p>\n\n\t\t<\/div> \n\t<\/div>  \n\t\t<\/div> \n\t<\/div> \n <\/div> \n\t\t\t<\/div>  \n\t\t\t<div id=\"noinvasivo3\">\n\t\t\t\t <div class=\"wpb_row vc_row-fluid \"> \n\t<div class=\"vc_span12\">\n\t\t<div class=\"wpb_wrapper\">\n\t\t\t \n\t<div class=\"wpb_text_column wpb_content_element \">\n\t\t<div class=\"wpb_wrapper\">\n\t\t\t\n<p><img loading=\"lazy\" decoding=\"async\" class=\"alignleft size-full wp-image-2770\" src=\"https:\/\/velacenter.com\/web\/wp-content\/uploads\/2014\/01\/lunares2.jpg\" alt=\"lunares2\" width=\"298\" height=\"340\" srcset=\"https:\/\/velacenter.com\/web\/wp-content\/uploads\/2014\/01\/lunares2.jpg 298w, https:\/\/velacenter.com\/web\/wp-content\/uploads\/2014\/01\/lunares2-262x300.jpg 262w\" sizes=\"auto, (max-width: 298px) 100vw, 298px\" \/>En criocirug\u00eda, o congelaci\u00f3n de verrugas, se aplica nitr\u00f3geno l\u00edquido a una temperatura de -196\u00b0 C. Muchas personas tienen la idea falsa de que la verruga se congela o quema inmediatamente. Esto no es verdad, la congelaci\u00f3n separa lentamente la piel y se forma una ampolla alrededor de la verruga. El tejido muerto cae al cabo de una semana aproximadamente. La congelaci\u00f3n puede causar una peque\u00f1a incomodidad, pero es uno de los tratamientos m\u00e1s eficaces que hay. No deja cicatriz y no hay peligro de que se extienda el virus de la verruga. De hecho, tiene tambi\u00e9n un efecto a\u00f1adido de debilitar el virus. La crioterapia se ha convertido, por lo tanto, en el tratamiento m\u00e9dico est\u00e1ndar para eliminar verrugas. Las verrugas m\u00e1s grandes pueden requerir varios tratamientos, con una duraci\u00f3n de tres a cuatro semanas.<\/p>\n\n\t\t<\/div> \n\t<\/div>  \n\t\t<\/div> \n\t<\/div> \n <\/div> \n\t\t\t<\/div>  \n\t\t<\/div> \n\t\t\t<\/div>  \n\t\t<\/div> \n\t\t<\/div> \n\t<\/div> \n <\/div> <div class=\"wpb_row vc_row-fluid  page_margin_top\"> \n\t<div class=\"vc_span12 wpb_column column_container\">\n\t\t<div class=\"wpb_wrapper\">\n\t\t\t <div class=\"announcement clearfix\">\n\t\t\t\t\t<ul class=\"columns no_width\">\n\t\t\t\t\t\t<li class=\"column_left\"><h1>Consultanos hoy sobre estos tratamientos!<\/h3>\n<p>Comunicate a los Tel: +54 341 15564-1577 \/ 15319-2126 o por e-mail a\u00a0<a href=\"mailto:info@velacenter.com\">info@velacenter.com<\/a><\/p>\n\n<\/li><li class=\"column_right\">\n\t\t\t\t\t\t<div class=\"vertical_align\">\n\t\t\t\t\t\t\t<div class=\"vertical_align_cell\">\n\t\t\t\t\t\t\t\t<a style=\"background-color:#3156a3;border-color:#3156a3;color:#FFFFFF;\" onMouseOver=\"this.style.backgroundColor='#42b3e5';this.style.borderColor='#42b3e5';this.style.color='#FFFFFF';\" onMouseOut=\"this.style.backgroundColor='#3156a3';this.style.borderColor='#3156a3';this.style.color='#FFFFFF';\" title=\"DEJANOS TU CONSULTA!\" href=\"https:\/\/velacenter.com\/web\/contacto\/\" class=\"more mc_button medium\">DEJANOS TU CONSULTA!<\/a>\n\t\t\t\t\t\t\t<\/div>\n\t\t\t\t\t\t<\/div>\n\t\t\t\t\t<\/li><\/ul>\n\t\t\t<\/div> \n\t\t<\/div> \n\t<\/div> \n <\/div>\n","protected":false},"excerpt":{"rendered":"TRATAMIENTOS L\u00c1SERMICROCIRUG\u00cdACRIOCIRUG\u00cdA Tratamiento de Lunares con L\u00e1ser La remoci\u00f3n de lunares con l\u00e1ser implica la aplicaci\u00f3n de energ\u00eda de luz l\u00e1ser en el \u00e1rea tratada. La energ\u00eda de la luz del l\u00e1ser es absorbida s\u00f3lo por el pigmento en la piel. El pigmento se rompe y luego el cuerpo lo quita y lo absorbe durante","protected":false},"author":3,"featured_media":0,"parent":0,"menu_order":0,"comment_status":"open","ping_status":"open","template":"","meta":{"footnotes":""},"class_list":["post-2637","page","type-page","status-publish","hentry"],"_links":{"self":[{"href":"https:\/\/velacenter.com\/web\/wp-json\/wp\/v2\/pages\/2637","targetHints":{"allow":["GET"]}}],"collection":[{"href":"https:\/\/velacenter.com\/web\/wp-json\/wp\/v2\/pages"}],"about":[{"href":"https:\/\/velacenter.com\/web\/wp-json\/wp\/v2\/types\/page"}],"author":[{"embeddable":true,"href":"https:\/\/velacenter.com\/web\/wp-json\/wp\/v2\/users\/3"}],"replies":[{"embeddable":true,"href":"https:\/\/velacenter.com\/web\/wp-json\/wp\/v2\/comments?post=2637"}],"version-history":[{"count":0,"href":"https:\/\/velacenter.com\/web\/wp-json\/wp\/v2\/pages\/2637\/revisions"}],"wp:attachment":[{"href":"https:\/\/velacenter.com\/web\/wp-json\/wp\/v2\/media?parent=2637"}],"curies":[{"name":"wp","href":"https:\/\/api.w.org\/{rel}","templated":true}]}}