{"id":2943,"date":"2014-02-11T13:34:38","date_gmt":"2014-02-11T13:34:38","guid":{"rendered":"https:\/\/velacenter.com\/web\/?page_id=2943"},"modified":"2014-05-21T20:26:18","modified_gmt":"2014-05-21T20:26:18","slug":"aclaramiento-de-tatuajes","status":"publish","type":"page","link":"https:\/\/velacenter.com\/web\/aclaramiento-de-tatuajes\/","title":{"rendered":"Remoci\u00f3n de Tatuajes"},"content":{"rendered":"<p>Muchas personas se arrepienten despu\u00e9s de haberse tatuado y buscan desesperadamente una soluci\u00f3n r\u00e1pida, sin efectos secundarios para desaparecer ese s\u00edmbolo, imagen o frase que una vez les gusto tanto. Antes el \u00fanico m\u00e9todo disponible para eliminar los tatuajes era con \u00e1cidos o cirug\u00edas muy agresivas, el tatuaje se quitaba pero las cicatrices eran muy visibles y antiest\u00e9ticas.<\/p>\n<p>Actualmente, con varias sesiones de l\u00e1ser se puede lograr el objetivo de\u00a0 eliminar tatuajes de diferentes tama\u00f1os y colores. La luz del l\u00e1ser vaporiza y\/o fragmenta el pigmento del tatuaje, el cuerpo absorbe esa tinta fragmentada naturalmente y el color desaparece gradualmente en las siguientes semanas. Se obtienen mejores resultados en tatuajes de colores oscuros, negro y rojo especialmente. Las sesiones se realizan cada 4 \u00f3 6 semanas. Con un tiempo de recuperaci\u00f3n aproximado de 10 d\u00edas. El resultado est\u00e9tico es muy satisfactorio porque se observa la desaparici\u00f3n progresiva del tatuaje.\u00a0 El tratamiento con l\u00e1ser es muy poco doloroso.<\/p>\n<p>Recuerda que el tatuaje que te hiciste no tiene que acompa\u00f1arte toda la vida.<\/p>\n","protected":false},"excerpt":{"rendered":"<p>Muchas personas se arrepienten despu\u00e9s de haberse tatuado y buscan desesperadamente una soluci\u00f3n r\u00e1pida, sin efectos secundarios para desaparecer ese s\u00edmbolo, imagen o frase que una vez les gusto tanto. Antes el \u00fanico m\u00e9todo disponible para eliminar los tatuajes era con \u00e1cidos o cirug\u00edas muy agresivas, el tatuaje se quitaba pero las cicatrices eran muy<\/p>\n","protected":false},"author":3,"featured_media":0,"parent":0,"menu_order":0,"comment_status":"open","ping_status":"open","template":"","meta":{"footnotes":""},"class_list":["post-2943","page","type-page","status-publish","hentry"],"_links":{"self":[{"href":"https:\/\/velacenter.com\/web\/wp-json\/wp\/v2\/pages\/2943","targetHints":{"allow":["GET"]}}],"collection":[{"href":"https:\/\/velacenter.com\/web\/wp-json\/wp\/v2\/pages"}],"about":[{"href":"https:\/\/velacenter.com\/web\/wp-json\/wp\/v2\/types\/page"}],"author":[{"embeddable":true,"href":"https:\/\/velacenter.com\/web\/wp-json\/wp\/v2\/users\/3"}],"replies":[{"embeddable":true,"href":"https:\/\/velacenter.com\/web\/wp-json\/wp\/v2\/comments?post=2943"}],"version-history":[{"count":0,"href":"https:\/\/velacenter.com\/web\/wp-json\/wp\/v2\/pages\/2943\/revisions"}],"wp:attachment":[{"href":"https:\/\/velacenter.com\/web\/wp-json\/wp\/v2\/media?parent=2943"}],"curies":[{"name":"wp","href":"https:\/\/api.w.org\/{rel}","templated":true}]}}