{"id":3120,"date":"2014-07-25T17:20:48","date_gmt":"2014-07-25T17:20:48","guid":{"rendered":"https:\/\/velacenter.com\/web\/?page_id=3120"},"modified":"2014-07-25T17:26:51","modified_gmt":"2014-07-25T17:26:51","slug":"franquicias","status":"publish","type":"page","link":"https:\/\/velacenter.com\/web\/franquicias\/","title":{"rendered":"Franquicias"},"content":{"rendered":"<div class=\"wpb_row vc_row-fluid \"> \n\t<div class=\"vc_span6 wpb_column column_container\">\n\t\t<div class=\"wpb_wrapper\">\n\t\t\t \n\t<div class=\"wpb_raw_code wpb_content_element wpb_raw_html\">\n\t\t<div class=\"wpb_wrapper\">\n\t\t\t<p><\/p>\n\t\t<\/div> \n\t<\/div>  <div class=\"gallery_box small_slider\"><ul class=\"image_carousel small_slider id-small_slider autoplay-1 pause_on_hover-0 scroll-1 effect-scroll easing-easeInOutQuint duration-750 page_margin_top\"><li><img loading=\"lazy\" decoding=\"async\" width=\"480\" height=\"300\" src=\"https:\/\/velacenter.com\/web\/wp-content\/uploads\/2014\/01\/375488_349349031749130_364059629_n-480x300.jpg?wsr\" class=\"attachment-medicenter-gallery-image size-medicenter-gallery-image\" alt=\"\" \/><ul class=\"controls\">\n\t\t\t\t<li>\n\t\t\t\t\t<a href=\"https:\/\/velacenter.com\/web\/wp-content\/uploads\/2014\/01\/375488_349349031749130_364059629_n.jpg\" class=\"fancybox open_lightbox\" rel=\"small_slidersmall_slider\" style=\"background-image: url('https:\/\/velacenter.com\/web\/wp-content\/themes\/velacenter\/images\/icons_media\/blue_light\/image.png')\"><\/a>\n\t\t\t\t<\/li>\n\t\t\t<\/ul>\n\t\t<\/li><li><img loading=\"lazy\" decoding=\"async\" width=\"480\" height=\"300\" src=\"https:\/\/velacenter.com\/web\/wp-content\/uploads\/2014\/01\/390689_349349155082451_1380402076_n-480x300.jpg?wsr\" class=\"attachment-medicenter-gallery-image size-medicenter-gallery-image\" alt=\"\" \/><ul class=\"controls\">\n\t\t\t\t<li>\n\t\t\t\t\t<a href=\"https:\/\/velacenter.com\/web\/wp-content\/uploads\/2014\/01\/390689_349349155082451_1380402076_n.jpg\" class=\"fancybox open_lightbox\" rel=\"small_slidersmall_slider\" style=\"background-image: url('https:\/\/velacenter.com\/web\/wp-content\/themes\/velacenter\/images\/icons_media\/blue_light\/image.png')\"><\/a>\n\t\t\t\t<\/li>\n\t\t\t<\/ul>\n\t\t<\/li><li><img loading=\"lazy\" decoding=\"async\" width=\"480\" height=\"300\" src=\"https:\/\/velacenter.com\/web\/wp-content\/uploads\/2014\/01\/395871_349349235082443_445602756_n-480x300.jpg?wsr\" class=\"attachment-medicenter-gallery-image size-medicenter-gallery-image\" alt=\"\" \/><ul class=\"controls\">\n\t\t\t\t<li>\n\t\t\t\t\t<a href=\"https:\/\/velacenter.com\/web\/wp-content\/uploads\/2014\/01\/395871_349349235082443_445602756_n.jpg\" class=\"fancybox open_lightbox\" rel=\"small_slidersmall_slider\" style=\"background-image: url('https:\/\/velacenter.com\/web\/wp-content\/themes\/velacenter\/images\/icons_media\/blue_light\/image.png')\"><\/a>\n\t\t\t\t<\/li>\n\t\t\t<\/ul>\n\t\t<\/li><\/ul><\/div> \n\t\t<\/div> \n\t<\/div> \n \n\t<div class=\"vc_span6 wpb_column column_container\">\n\t\t<div class=\"wpb_wrapper\">\n\t\t\t <h3 class=\"box_header page_margin_top\">Obtenga su Franquicia VelaCenter<\/h3> \n\t<div class=\"wpb_text_column wpb_content_element \">\n\t\t<div class=\"wpb_wrapper\">\n\t\t\t\n<p>Estamos trabajando en lanzar nuestra red de framquicias <strong>VelaCenter<\/strong>.<\/p>\n<p>Si Ud. est\u00e1 interesado en formar parte de nuestra red, le agradecemos ponerse en contacto con nosotros a trav\u00e9s de las diferentes v\u00edas de contacto.<\/p>\n<p>Le remitiremos toda la informaci\u00f3n necesaria y coordinaremos pasos a seguir.<\/p>\n\n\t\t<\/div> \n\t<\/div>  \n\t\t<\/div> \n\t<\/div> \n <\/div> <div class=\"wpb_row vc_row-fluid \"> \n\t<div class=\"vc_span12 wpb_column column_container\">\n\t\t<div class=\"wpb_wrapper\">\n\t\t\t \n\t<div class=\"wpb_raw_code wpb_content_element wpb_raw_html\">\n\t\t<div class=\"wpb_wrapper\">\n\t\t\t<p><\/p>\n\t\t<\/div> \n\t<\/div>  <div class=\"wpb_separator wpb_content_element \"><\/div>\n \n\t\t<\/div> \n\t<\/div> \n <\/div> <div class=\"wpb_row vc_row-fluid \"> \n\t<div class=\"vc_span12 wpb_column column_container\">\n\t\t<div class=\"wpb_wrapper\">\n\t\t\t <div class=\"clearfix page_margin_top_section\">\r\n\t\t\t<div class=\"header_left\"><h3 class=\"box_header\">Conozca nuestro espacio<\/h3><\/div>\r\n\t\t\t<div class=\"header_right\"><a href=\"#\" id=\"carousel_prev\" class=\"scrolling_list_control_left icon_small_arrow left_black\"><\/a><a href=\"#\" id=\"carousel_next\" class=\"scrolling_list_control_right icon_small_arrow right_black\"><\/a><\/div><\/div>\r\n\t\t\t<ul class=\"mc_gallery horizontal_carousel carousel id-carousel autoplay-1 pause_on_hover-1 scroll-1 effect-scroll easing-swing duration-500\"><li class=\"gallery_box\"><img loading=\"lazy\" decoding=\"async\" width=\"225\" height=\"150\" src=\"https:\/\/velacenter.com\/web\/wp-content\/uploads\/2014\/01\/1385476_731878580162838_1758880255_n-225x150.jpg?wsr\" class=\"attachment-medicenter-gallery-thumb-type-2 size-medicenter-gallery-thumb-type-2\" alt=\"\" srcset=\"https:\/\/velacenter.com\/web\/wp-content\/uploads\/2014\/01\/1385476_731878580162838_1758880255_n-225x150.jpg 225w, https:\/\/velacenter.com\/web\/wp-content\/uploads\/2014\/01\/1385476_731878580162838_1758880255_n-300x200.jpg 300w, https:\/\/velacenter.com\/web\/wp-content\/uploads\/2014\/01\/1385476_731878580162838_1758880255_n.jpg 960w\" sizes=\"auto, (max-width: 225px) 100vw, 225px\" \/><ul class=\"controls\">\r\n\t\t\t\t<li>\r\n\t\t\t\t\t<a href=\"https:\/\/velacenter.com\/web\/wp-content\/uploads\/2014\/01\/1385476_731878580162838_1758880255_n.jpg\" class=\"fancybox open_lightbox\" rel=\"carouselcarousel\" style=\"background-image: url('https:\/\/velacenter.com\/web\/wp-content\/themes\/velacenter\/images\/icons_media\/blue_light\/image.png')\"><\/a>\r\n\t\t\t\t<\/li>\r\n\t\t\t<\/ul>\r\n\t\t<\/li><li class=\"gallery_box\"><img loading=\"lazy\" decoding=\"async\" width=\"225\" height=\"150\" src=\"https:\/\/velacenter.com\/web\/wp-content\/uploads\/2014\/01\/1383096_731879813496048_948635266_n-225x150.jpg?wsr\" class=\"attachment-medicenter-gallery-thumb-type-2 size-medicenter-gallery-thumb-type-2\" alt=\"\" srcset=\"https:\/\/velacenter.com\/web\/wp-content\/uploads\/2014\/01\/1383096_731879813496048_948635266_n-225x150.jpg 225w, https:\/\/velacenter.com\/web\/wp-content\/uploads\/2014\/01\/1383096_731879813496048_948635266_n-300x200.jpg 300w, https:\/\/velacenter.com\/web\/wp-content\/uploads\/2014\/01\/1383096_731879813496048_948635266_n.jpg 960w\" sizes=\"auto, (max-width: 225px) 100vw, 225px\" \/><ul class=\"controls\">\r\n\t\t\t\t<li>\r\n\t\t\t\t\t<a href=\"https:\/\/velacenter.com\/web\/wp-content\/uploads\/2014\/01\/1383096_731879813496048_948635266_n.jpg\" class=\"fancybox open_lightbox\" rel=\"carouselcarousel\" style=\"background-image: url('https:\/\/velacenter.com\/web\/wp-content\/themes\/velacenter\/images\/icons_media\/blue_light\/image.png')\"><\/a>\r\n\t\t\t\t<\/li>\r\n\t\t\t<\/ul>\r\n\t\t<\/li><li class=\"gallery_box\"><img loading=\"lazy\" decoding=\"async\" width=\"225\" height=\"150\" src=\"https:\/\/velacenter.com\/web\/wp-content\/uploads\/2014\/01\/1382352_731879840162712_471473693_n-225x150.jpg?wsr\" class=\"attachment-medicenter-gallery-thumb-type-2 size-medicenter-gallery-thumb-type-2\" alt=\"\" srcset=\"https:\/\/velacenter.com\/web\/wp-content\/uploads\/2014\/01\/1382352_731879840162712_471473693_n-225x150.jpg 225w, https:\/\/velacenter.com\/web\/wp-content\/uploads\/2014\/01\/1382352_731879840162712_471473693_n-300x200.jpg 300w, https:\/\/velacenter.com\/web\/wp-content\/uploads\/2014\/01\/1382352_731879840162712_471473693_n.jpg 960w\" sizes=\"auto, (max-width: 225px) 100vw, 225px\" \/><ul class=\"controls\">\r\n\t\t\t\t<li>\r\n\t\t\t\t\t<a href=\"https:\/\/velacenter.com\/web\/wp-content\/uploads\/2014\/01\/1382352_731879840162712_471473693_n.jpg\" class=\"fancybox open_lightbox\" rel=\"carouselcarousel\" style=\"background-image: url('https:\/\/velacenter.com\/web\/wp-content\/themes\/velacenter\/images\/icons_media\/blue_light\/image.png')\"><\/a>\r\n\t\t\t\t<\/li>\r\n\t\t\t<\/ul>\r\n\t\t<\/li><li class=\"gallery_box\"><img loading=\"lazy\" decoding=\"async\" width=\"225\" height=\"150\" src=\"https:\/\/velacenter.com\/web\/wp-content\/uploads\/2014\/01\/1378741_731880116829351_1324527917_n-225x150.jpg?wsr\" class=\"attachment-medicenter-gallery-thumb-type-2 size-medicenter-gallery-thumb-type-2\" alt=\"\" srcset=\"https:\/\/velacenter.com\/web\/wp-content\/uploads\/2014\/01\/1378741_731880116829351_1324527917_n-225x150.jpg 225w, https:\/\/velacenter.com\/web\/wp-content\/uploads\/2014\/01\/1378741_731880116829351_1324527917_n-300x200.jpg 300w, https:\/\/velacenter.com\/web\/wp-content\/uploads\/2014\/01\/1378741_731880116829351_1324527917_n.jpg 960w\" sizes=\"auto, (max-width: 225px) 100vw, 225px\" \/><ul class=\"controls\">\r\n\t\t\t\t<li>\r\n\t\t\t\t\t<a href=\"https:\/\/velacenter.com\/web\/wp-content\/uploads\/2014\/01\/1378741_731880116829351_1324527917_n.jpg\" class=\"fancybox open_lightbox\" rel=\"carouselcarousel\" style=\"background-image: url('https:\/\/velacenter.com\/web\/wp-content\/themes\/velacenter\/images\/icons_media\/blue_light\/image.png')\"><\/a>\r\n\t\t\t\t<\/li>\r\n\t\t\t<\/ul>\r\n\t\t<\/li><li class=\"gallery_box\"><img loading=\"lazy\" decoding=\"async\" width=\"225\" height=\"150\" src=\"https:\/\/velacenter.com\/web\/wp-content\/uploads\/2014\/01\/1374858_726231747394188_2066888984_n-225x150.jpg?wsr\" class=\"attachment-medicenter-gallery-thumb-type-2 size-medicenter-gallery-thumb-type-2\" alt=\"\" \/><ul class=\"controls\">\r\n\t\t\t\t<li>\r\n\t\t\t\t\t<a href=\"https:\/\/velacenter.com\/web\/wp-content\/uploads\/2014\/01\/1374858_726231747394188_2066888984_n.jpg\" class=\"fancybox open_lightbox\" rel=\"carouselcarousel\" style=\"background-image: url('https:\/\/velacenter.com\/web\/wp-content\/themes\/velacenter\/images\/icons_media\/blue_light\/image.png')\"><\/a>\r\n\t\t\t\t<\/li>\r\n\t\t\t<\/ul>\r\n\t\t<\/li><li class=\"gallery_box\"><img loading=\"lazy\" decoding=\"async\" width=\"225\" height=\"150\" src=\"https:\/\/velacenter.com\/web\/wp-content\/uploads\/2014\/01\/1374333_731878576829505_1307086688_n-225x150.jpg?wsr\" class=\"attachment-medicenter-gallery-thumb-type-2 size-medicenter-gallery-thumb-type-2\" alt=\"\" srcset=\"https:\/\/velacenter.com\/web\/wp-content\/uploads\/2014\/01\/1374333_731878576829505_1307086688_n-225x150.jpg 225w, https:\/\/velacenter.com\/web\/wp-content\/uploads\/2014\/01\/1374333_731878576829505_1307086688_n-300x200.jpg 300w, https:\/\/velacenter.com\/web\/wp-content\/uploads\/2014\/01\/1374333_731878576829505_1307086688_n.jpg 960w\" sizes=\"auto, (max-width: 225px) 100vw, 225px\" \/><ul class=\"controls\">\r\n\t\t\t\t<li>\r\n\t\t\t\t\t<a href=\"https:\/\/velacenter.com\/web\/wp-content\/uploads\/2014\/01\/1374333_731878576829505_1307086688_n.jpg\" class=\"fancybox open_lightbox\" rel=\"carouselcarousel\" style=\"background-image: url('https:\/\/velacenter.com\/web\/wp-content\/themes\/velacenter\/images\/icons_media\/blue_light\/image.png')\"><\/a>\r\n\t\t\t\t<\/li>\r\n\t\t\t<\/ul>\r\n\t\t<\/li><li class=\"gallery_box\"><img loading=\"lazy\" decoding=\"async\" width=\"225\" height=\"150\" src=\"https:\/\/velacenter.com\/web\/wp-content\/uploads\/2014\/01\/529198_731879436829419_119827044_n-225x150.jpg?wsr\" class=\"attachment-medicenter-gallery-thumb-type-2 size-medicenter-gallery-thumb-type-2\" alt=\"\" srcset=\"https:\/\/velacenter.com\/web\/wp-content\/uploads\/2014\/01\/529198_731879436829419_119827044_n-225x150.jpg 225w, https:\/\/velacenter.com\/web\/wp-content\/uploads\/2014\/01\/529198_731879436829419_119827044_n-300x200.jpg 300w, https:\/\/velacenter.com\/web\/wp-content\/uploads\/2014\/01\/529198_731879436829419_119827044_n.jpg 960w\" sizes=\"auto, (max-width: 225px) 100vw, 225px\" \/><ul class=\"controls\">\r\n\t\t\t\t<li>\r\n\t\t\t\t\t<a href=\"https:\/\/velacenter.com\/web\/wp-content\/uploads\/2014\/01\/529198_731879436829419_119827044_n.jpg\" class=\"fancybox open_lightbox\" rel=\"carouselcarousel\" style=\"background-image: url('https:\/\/velacenter.com\/web\/wp-content\/themes\/velacenter\/images\/icons_media\/blue_light\/image.png')\"><\/a>\r\n\t\t\t\t<\/li>\r\n\t\t\t<\/ul>\r\n\t\t<\/li><li class=\"gallery_box\"><img loading=\"lazy\" decoding=\"async\" width=\"225\" height=\"150\" src=\"https:\/\/velacenter.com\/web\/wp-content\/uploads\/2014\/01\/408604_349349115082455_381594659_n-225x150.jpg?wsr\" class=\"attachment-medicenter-gallery-thumb-type-2 size-medicenter-gallery-thumb-type-2\" alt=\"\" srcset=\"https:\/\/velacenter.com\/web\/wp-content\/uploads\/2014\/01\/408604_349349115082455_381594659_n-225x150.jpg 225w, https:\/\/velacenter.com\/web\/wp-content\/uploads\/2014\/01\/408604_349349115082455_381594659_n-300x199.jpg 300w, https:\/\/velacenter.com\/web\/wp-content\/uploads\/2014\/01\/408604_349349115082455_381594659_n.jpg 604w\" sizes=\"auto, (max-width: 225px) 100vw, 225px\" \/><ul class=\"controls\">\r\n\t\t\t\t<li>\r\n\t\t\t\t\t<a href=\"https:\/\/velacenter.com\/web\/wp-content\/uploads\/2014\/01\/408604_349349115082455_381594659_n.jpg\" class=\"fancybox open_lightbox\" rel=\"carouselcarousel\" style=\"background-image: url('https:\/\/velacenter.com\/web\/wp-content\/themes\/velacenter\/images\/icons_media\/blue_light\/image.png')\"><\/a>\r\n\t\t\t\t<\/li>\r\n\t\t\t<\/ul>\r\n\t\t<\/li><li class=\"gallery_box\"><img loading=\"lazy\" decoding=\"async\" width=\"225\" height=\"150\" src=\"https:\/\/velacenter.com\/web\/wp-content\/uploads\/2014\/01\/387635_349349295082437_1772311703_n-225x150.jpg?wsr\" class=\"attachment-medicenter-gallery-thumb-type-2 size-medicenter-gallery-thumb-type-2\" alt=\"\" \/><ul class=\"controls\">\r\n\t\t\t\t<li>\r\n\t\t\t\t\t<a href=\"https:\/\/velacenter.com\/web\/wp-content\/uploads\/2014\/01\/387635_349349295082437_1772311703_n.jpg\" class=\"fancybox open_lightbox\" rel=\"carouselcarousel\" style=\"background-image: url('https:\/\/velacenter.com\/web\/wp-content\/themes\/velacenter\/images\/icons_media\/blue_light\/image.png')\"><\/a>\r\n\t\t\t\t<\/li>\r\n\t\t\t<\/ul>\r\n\t\t<\/li><li class=\"gallery_box\"><img loading=\"lazy\" decoding=\"async\" width=\"225\" height=\"150\" src=\"https:\/\/velacenter.com\/web\/wp-content\/uploads\/2014\/01\/8473_731878563496173_1143837675_n-225x150.jpg?wsr\" class=\"attachment-medicenter-gallery-thumb-type-2 size-medicenter-gallery-thumb-type-2\" alt=\"\" \/><ul class=\"controls\">\r\n\t\t\t\t<li>\r\n\t\t\t\t\t<a href=\"https:\/\/velacenter.com\/web\/wp-content\/uploads\/2014\/01\/8473_731878563496173_1143837675_n.jpg\" class=\"fancybox open_lightbox\" rel=\"carouselcarousel\" style=\"background-image: url('https:\/\/velacenter.com\/web\/wp-content\/themes\/velacenter\/images\/icons_media\/blue_light\/image.png')\"><\/a>\r\n\t\t\t\t<\/li>\r\n\t\t\t<\/ul>\r\n\t\t<\/li><li class=\"gallery_box\"><img loading=\"lazy\" decoding=\"async\" width=\"225\" height=\"150\" src=\"https:\/\/velacenter.com\/web\/wp-content\/uploads\/2014\/01\/395871_349349235082443_445602756_n-225x150.jpg?wsr\" class=\"attachment-medicenter-gallery-thumb-type-2 size-medicenter-gallery-thumb-type-2\" alt=\"\" srcset=\"https:\/\/velacenter.com\/web\/wp-content\/uploads\/2014\/01\/395871_349349235082443_445602756_n-225x150.jpg 225w, https:\/\/velacenter.com\/web\/wp-content\/uploads\/2014\/01\/395871_349349235082443_445602756_n-300x199.jpg 300w, https:\/\/velacenter.com\/web\/wp-content\/uploads\/2014\/01\/395871_349349235082443_445602756_n.jpg 604w\" sizes=\"auto, (max-width: 225px) 100vw, 225px\" \/><ul class=\"controls\">\r\n\t\t\t\t<li>\r\n\t\t\t\t\t<a href=\"https:\/\/velacenter.com\/web\/wp-content\/uploads\/2014\/01\/395871_349349235082443_445602756_n.jpg\" class=\"fancybox open_lightbox\" rel=\"carouselcarousel\" style=\"background-image: url('https:\/\/velacenter.com\/web\/wp-content\/themes\/velacenter\/images\/icons_media\/blue_light\/image.png')\"><\/a>\r\n\t\t\t\t<\/li>\r\n\t\t\t<\/ul>\r\n\t\t<\/li><li class=\"gallery_box\"><img loading=\"lazy\" decoding=\"async\" width=\"225\" height=\"150\" src=\"https:\/\/velacenter.com\/web\/wp-content\/uploads\/2014\/01\/390689_349349155082451_1380402076_n-225x150.jpg?wsr\" class=\"attachment-medicenter-gallery-thumb-type-2 size-medicenter-gallery-thumb-type-2\" alt=\"\" srcset=\"https:\/\/velacenter.com\/web\/wp-content\/uploads\/2014\/01\/390689_349349155082451_1380402076_n-225x150.jpg 225w, https:\/\/velacenter.com\/web\/wp-content\/uploads\/2014\/01\/390689_349349155082451_1380402076_n-300x199.jpg 300w, https:\/\/velacenter.com\/web\/wp-content\/uploads\/2014\/01\/390689_349349155082451_1380402076_n.jpg 604w\" sizes=\"auto, (max-width: 225px) 100vw, 225px\" \/><ul class=\"controls\">\r\n\t\t\t\t<li>\r\n\t\t\t\t\t<a href=\"https:\/\/velacenter.com\/web\/wp-content\/uploads\/2014\/01\/390689_349349155082451_1380402076_n.jpg\" class=\"fancybox open_lightbox\" rel=\"carouselcarousel\" style=\"background-image: url('https:\/\/velacenter.com\/web\/wp-content\/themes\/velacenter\/images\/icons_media\/blue_light\/image.png')\"><\/a>\r\n\t\t\t\t<\/li>\r\n\t\t\t<\/ul>\r\n\t\t<\/li><li class=\"gallery_box\"><img loading=\"lazy\" decoding=\"async\" width=\"225\" height=\"150\" src=\"https:\/\/velacenter.com\/web\/wp-content\/uploads\/2014\/01\/375488_349349031749130_364059629_n-225x150.jpg?wsr\" class=\"attachment-medicenter-gallery-thumb-type-2 size-medicenter-gallery-thumb-type-2\" alt=\"\" srcset=\"https:\/\/velacenter.com\/web\/wp-content\/uploads\/2014\/01\/375488_349349031749130_364059629_n-225x150.jpg 225w, https:\/\/velacenter.com\/web\/wp-content\/uploads\/2014\/01\/375488_349349031749130_364059629_n-300x199.jpg 300w, https:\/\/velacenter.com\/web\/wp-content\/uploads\/2014\/01\/375488_349349031749130_364059629_n.jpg 604w\" sizes=\"auto, (max-width: 225px) 100vw, 225px\" \/><ul class=\"controls\">\r\n\t\t\t\t<li>\r\n\t\t\t\t\t<a href=\"https:\/\/velacenter.com\/web\/wp-content\/uploads\/2014\/01\/375488_349349031749130_364059629_n.jpg\" class=\"fancybox open_lightbox\" rel=\"carouselcarousel\" style=\"background-image: url('https:\/\/velacenter.com\/web\/wp-content\/themes\/velacenter\/images\/icons_media\/blue_light\/image.png')\"><\/a>\r\n\t\t\t\t<\/li>\r\n\t\t\t<\/ul>\r\n\t\t<\/li><\/ul> \n\t\t<\/div> \n\t<\/div> \n <\/div>\n","protected":false},"excerpt":{"rendered":"Obtenga su Franquicia VelaCenter Estamos trabajando en lanzar nuestra red de framquicias VelaCenter. Si Ud. est\u00e1 interesado en formar parte de nuestra red, le agradecemos ponerse en contacto con nosotros a trav\u00e9s de las diferentes v\u00edas de contacto. Le remitiremos toda la informaci\u00f3n necesaria y coordinaremos pasos a seguir. Conozca nuestro espacio","protected":false},"author":2,"featured_media":0,"parent":0,"menu_order":0,"comment_status":"open","ping_status":"open","template":"","meta":{"footnotes":""},"class_list":["post-3120","page","type-page","status-publish","hentry"],"_links":{"self":[{"href":"https:\/\/velacenter.com\/web\/wp-json\/wp\/v2\/pages\/3120","targetHints":{"allow":["GET"]}}],"collection":[{"href":"https:\/\/velacenter.com\/web\/wp-json\/wp\/v2\/pages"}],"about":[{"href":"https:\/\/velacenter.com\/web\/wp-json\/wp\/v2\/types\/page"}],"author":[{"embeddable":true,"href":"https:\/\/velacenter.com\/web\/wp-json\/wp\/v2\/users\/2"}],"replies":[{"embeddable":true,"href":"https:\/\/velacenter.com\/web\/wp-json\/wp\/v2\/comments?post=3120"}],"version-history":[{"count":0,"href":"https:\/\/velacenter.com\/web\/wp-json\/wp\/v2\/pages\/3120\/revisions"}],"wp:attachment":[{"href":"https:\/\/velacenter.com\/web\/wp-json\/wp\/v2\/media?parent=3120"}],"curies":[{"name":"wp","href":"https:\/\/api.w.org\/{rel}","templated":true}]}}