{"id":3338,"date":"2015-03-18T16:34:36","date_gmt":"2015-03-18T16:34:36","guid":{"rendered":"https:\/\/velacenter.com\/web\/?page_id=3338"},"modified":"2020-10-06T13:55:57","modified_gmt":"2020-10-06T13:55:57","slug":"bioplastia","status":"publish","type":"page","link":"https:\/\/velacenter.com\/web\/bioplastia\/","title":{"rendered":"Bioplast\u00eda"},"content":{"rendered":"<div class=\"wpb_row vc_row-fluid \"> \n\t<div class=\"vc_span12 wpb_column column_container\">\n\t\t<div class=\"wpb_wrapper\">\n\t\t\t <div class=\"clearfix tabs page_margin_top_section\" data-interval=\"0\">\n\t\t\t<ul class=\"tabs_navigation clearfix\"><li><a href=\"#facial\">FACIAL<\/a><\/li><li><a href=\"#corporal\">CORPORAL<\/a><\/li><\/ul>\n\n\t\t\t \n\t\t\t<div id=\"facial\" class=\"wpb_tab\">\n\t\t\t\t <div class=\"clearfix tabs page_margin_top\" data-interval=\"0\">\n\t\t\t<ul class=\"tabs_navigation clearfix\"><li><a href=\"#delineado-labial\">DELINEADO LABIAL<\/a><\/li><li><a href=\"#voluminizacion-labial\">VOLUMINIZACI\u00d3N LABIAL<\/a><\/li><li><a href=\"#relleno-labial\">RELLENO LABIAL<\/a><\/li><li><a href=\"#mentoplastia\">MENTOPLAST\u00cdA<\/a><\/li><li><a href=\"#reposicion-pomulos\">REPOSICI\u00d3N DE VOL\u00daMEN DE P\u00d3MULOS<\/a><\/li><\/ul>\n\n\t\t\t \n\t\t\t<div id=\"delineado-labial\">\n\t\t\t\t <div class=\"wpb_row vc_row-fluid \"> \n\t<div class=\"vc_span12\">\n\t\t<div class=\"wpb_wrapper\">\n\t\t\t \n\t<div class=\"wpb_text_column wpb_content_element \">\n\t\t<div class=\"wpb_wrapper\">\n\t\t\t\n<p>Informaci\u00f3n no disponible&#8230; Disculpe las molestias.<\/p>\n\n\t\t<\/div> \n\t<\/div>  \n\t\t<\/div> \n\t<\/div> \n <\/div> \n\t\t\t<\/div>  \n\t\t\t<div id=\"voluminizacion-labial\">\n\t\t\t\t <div class=\"wpb_row vc_row-fluid \"> \n\t<div class=\"vc_span12\">\n\t\t<div class=\"wpb_wrapper\">\n\t\t\t \n\t<div class=\"wpb_text_column wpb_content_element \">\n\t\t<div class=\"wpb_wrapper\">\n\t\t\t\n<p>Informaci\u00f3n no disponible&#8230; Disculpe las molestias.<\/p>\n\n\t\t<\/div> \n\t<\/div>  \n\t\t<\/div> \n\t<\/div> \n <\/div> \n\t\t\t<\/div>  \n\t\t\t<div id=\"relleno-labial\">\n\t\t\t\t <div class=\"wpb_row vc_row-fluid \"> \n\t<div class=\"vc_span12\">\n\t\t<div class=\"wpb_wrapper\">\n\t\t\t \n\t<div class=\"wpb_text_column wpb_content_element \">\n\t\t<div class=\"wpb_wrapper\">\n\t\t\t\n<p>Informaci\u00f3n no disponible&#8230; Disculpe las molestias.<\/p>\n\n\t\t<\/div> \n\t<\/div>  \n\t\t<\/div> \n\t<\/div> \n <\/div> \n\t\t\t<\/div>\n\n\t\t\t<div id=\"mentoplastia\">\n\t\t\t\t <div class=\"wpb_row vc_row-fluid \"> \n\t<div class=\"vc_span12\">\n\t\t<div class=\"wpb_wrapper\">\n\t\t\t \n\t<div class=\"wpb_text_column wpb_content_element \">\n\t\t<div class=\"wpb_wrapper\">\n\t\t\t\n<p>Informaci\u00f3n no disponible&#8230; Disculpe las molestias.<\/p>\n\n\t\t<\/div> \n\t<\/div>  \n\t\t<\/div> \n\t<\/div> \n <\/div> \n\t\t\t<\/div> \n<div id=\"reposicion-pomulos\">\n\t\t\t\t <div class=\"wpb_row vc_row-fluid \"> \n\t<div class=\"vc_span12\">\n\t\t<div class=\"wpb_wrapper\">\n\t\t\t \n\t<div class=\"wpb_text_column wpb_content_element \">\n\t\t<div class=\"wpb_wrapper\">\n\t\t\t\n<p>Informaci\u00f3n no disponible&#8230; Disculpe las molestias.<\/p>\n\n\t\t<\/div> \n\t<\/div>  \n\t\t<\/div> \n\t<\/div> \n <\/div> \n\t\t\t<\/div>  \n\t\t<\/div> \n\t\t\t<\/div>  \n\t\t\t<div id=\"corporal\" class=\"wpb_tab\">\n\t\t\t\t <div class=\"clearfix tabs page_margin_top\" data-interval=\"0\">\n\t\t\t<ul class=\"tabs_navigation clearfix\"><li><a href=\"#rejuvenecimiento-vaginal\">REJUVENECIMIETO VAGINAL<\/a><\/li><li><a href=\"#ensanchamiento-peneano\">ENSANCHAMIENTO PENEANO<\/a><\/li><\/ul>\n\n\t\t\t \n\t\t\t<div id=\"rejuvenecimiento-vaginal\">\n\t\t\t\t <div class=\"wpb_row vc_row-fluid \"> \n\t<div class=\"vc_span8\">\n\t\t<div class=\"wpb_wrapper\">\n\t\t\t \n\t<div class=\"wpb_text_column wpb_content_element \">\n\t\t<div class=\"wpb_wrapper\">\n\t\t\t\n<p>La Bioplastia intima es un procedimiento que va de la mano con la mujer de hoy que gan\u00f3 libertas en decidir sobre su est\u00e9tica en todos los aspectos.<br \/>\nSe basa en la colocaci\u00f3n de biomateriales o grasa de la propia paciente para restaurar volumen o anatom\u00eda en la zona vaginal.<\/p>\n<p>Tiene como finalidad:<br \/>\n-Corregir asimetr\u00edas<br \/>\n-Aumento de los labios menores o mayores de la vulva<br \/>\n-Recuperar el tono muscular perdido en partos por v\u00eda vaginal<br \/>\n-Estrechamiento del intr\u00f3lito vaginal (para una mejor estimulaci\u00f3n del punto \u00abG\u00bb)<br \/>\nEs un procedimiento ambulatorio, con la colocaci\u00f3n de anestecia local, no deja cicatrices y permite al paciente retornar a su vida cotidiana y trabajo inmediatamente.<\/p>\n\n\t\t<\/div> \n\t<\/div>  \n\t\t<\/div> \n\t<\/div> \n \n\t<div class=\"vc_span4\">\n\t\t<div class=\"wpb_wrapper\">\n\t\t\t \n\t<div class=\"wpb_single_image wpb_content_element\">\n\t\t<div class=\"wpb_wrapper\">\n\t\t\t\n\t\t\t<img loading=\"lazy\" decoding=\"async\" width=\"204\" height=\"300\" src=\"https:\/\/velacenter.com\/web\/wp-content\/uploads\/2015\/03\/bioplastia_intima.jpg?wsr\" class=\"attachment-full size-full\" alt=\"\" \/>\n\t\t<\/div> \n\t<\/div>  \n\t\t<\/div> \n\t<\/div> \n <\/div> \n\t\t\t<\/div>  \n\t\t\t<div id=\"ensanchamiento-peneano\">\n\t\t\t\t <div class=\"wpb_row vc_row-fluid \"> \n\t<div class=\"vc_span12\">\n\t\t<div class=\"wpb_wrapper\">\n\t\t\t \n\t<div class=\"wpb_text_column wpb_content_element \">\n\t\t<div class=\"wpb_wrapper\">\n\t\t\t\n<p>Informaci\u00f3n no disponible&#8230; Disculpe las molestias.<\/p>\n\n\t\t<\/div> \n\t<\/div>  \n\t\t<\/div> \n\t<\/div> \n <\/div> \n\t\t\t<\/div>  \n\t\t<\/div> \n\t\t\t<\/div>  \n\t\t<\/div> \n\t\t<\/div> \n\t<\/div> \n <\/div> <div class=\"wpb_row vc_row-fluid  page_margin_top\"> \n\t<div class=\"vc_span12 wpb_column column_container\">\n\t\t<div class=\"wpb_wrapper\">\n\t\t\t <div class=\"announcement clearfix\">\n\t\t\t\t\t<ul class=\"columns no_width\">\n\t\t\t\t\t\t<li class=\"column_left\"><h1>Consultanos hoy sobre estos tratamientos!<\/h3>\n<p>Comunicate a los Tel: +54 341 15564-1577 \/ 15319-2126 o por e-mail a info@velacenter.com<\/p>\n\n<\/li><li class=\"column_right\">\n\t\t\t\t\t\t<div class=\"vertical_align\">\n\t\t\t\t\t\t\t<div class=\"vertical_align_cell\">\n\t\t\t\t\t\t\t\t<a style=\"background-color:#3156a3;border-color:#3156a3;color:#FFFFFF;\" onMouseOver=\"this.style.backgroundColor='#42b3e5';this.style.borderColor='#42b3e5';this.style.color='#FFFFFF';\" onMouseOut=\"this.style.backgroundColor='#3156a3';this.style.borderColor='#3156a3';this.style.color='#FFFFFF';\" title=\"DEJANOS TU CONSULTA!\" href=\"https:\/\/velacenter.com\/web\/contacto\/\" class=\"more mc_button medium\">DEJANOS TU CONSULTA!<\/a>\n\t\t\t\t\t\t\t<\/div>\n\t\t\t\t\t\t<\/div>\n\t\t\t\t\t<\/li><\/ul>\n\t\t\t<\/div> \n\t\t<\/div> \n\t<\/div> \n <\/div>\n","protected":false},"excerpt":{"rendered":"FACIALCORPORAL DELINEADO LABIALVOLUMINIZACI\u00d3N LABIALRELLENO LABIALMENTOPLAST\u00cdAREPOSICI\u00d3N DE VOL\u00daMEN DE P\u00d3MULOS Informaci\u00f3n no disponible... Disculpe las molestias. Informaci\u00f3n no disponible... Disculpe las molestias. Informaci\u00f3n no disponible... Disculpe las molestias. Informaci\u00f3n no disponible... Disculpe las molestias. Informaci\u00f3n no disponible... Disculpe las molestias. REJUVENECIMIETO VAGINALENSANCHAMIENTO PENEANO La Bioplastia intima es un procedimiento que va de la mano con la","protected":false},"author":3,"featured_media":0,"parent":0,"menu_order":0,"comment_status":"open","ping_status":"open","template":"","meta":{"footnotes":""},"class_list":["post-3338","page","type-page","status-publish","hentry"],"_links":{"self":[{"href":"https:\/\/velacenter.com\/web\/wp-json\/wp\/v2\/pages\/3338","targetHints":{"allow":["GET"]}}],"collection":[{"href":"https:\/\/velacenter.com\/web\/wp-json\/wp\/v2\/pages"}],"about":[{"href":"https:\/\/velacenter.com\/web\/wp-json\/wp\/v2\/types\/page"}],"author":[{"embeddable":true,"href":"https:\/\/velacenter.com\/web\/wp-json\/wp\/v2\/users\/3"}],"replies":[{"embeddable":true,"href":"https:\/\/velacenter.com\/web\/wp-json\/wp\/v2\/comments?post=3338"}],"version-history":[{"count":0,"href":"https:\/\/velacenter.com\/web\/wp-json\/wp\/v2\/pages\/3338\/revisions"}],"wp:attachment":[{"href":"https:\/\/velacenter.com\/web\/wp-json\/wp\/v2\/media?parent=3338"}],"curies":[{"name":"wp","href":"https:\/\/api.w.org\/{rel}","templated":true}]}}